{"id":1146,"date":"2015-10-13T14:22:04","date_gmt":"2015-10-13T14:22:04","guid":{"rendered":"http:\/\/laserclinic.ee\/fi\/elos-tehnoloogia\/"},"modified":"2015-10-13T14:22:04","modified_gmt":"2015-10-13T14:22:04","slug":"elos-tehnoloogia","status":"publish","type":"page","link":"https:\/\/www.laserclinic.ee\/fi\/elos-tehnoloogia\/","title":{"rendered":"ELOS\u2122 tehnoloogia"},"content":{"rendered":"<div class=\"wpb-content-wrapper\"><p>[vc_row][vc_column]<h1 class=\"box-header page_margin_top\">ELOS\u2122 tehnoloogia areng<\/h1>[\/vc_column][\/vc_row][vc_row css=&#8221;.vc_custom_1444747102260{padding-top: 20px !important;}&#8221;][vc_column width=&#8221;1\/2&#8243;][vc_column_text]<\/p>\n<h2>Laserist ELOS\u2122-eni<\/h2>\n<p>[\/vc_column_text][vc_column_text]Kuigi esimesed laserid leiutati 60ndate keskel, v\u00f5ttis aega 20 aastat, kuni tehnoloogia arendati piisavalt turvaliseks, et rakendada seda dermatoloogiliste probleemide lahendamiseks.<\/p>\n<p>Aastal 1991 leiutas ja pantenteeris f\u00fc\u00fcsik dr. Shimon Eckhouse intensiivse pulseeriva valguse (IPL) tehnoloogia. Aastateks sai IPList mittekirurgilise iluravi valdav meetod. Siiski, ka see tehnoloogia j\u00e4i oma v\u00f5imalustelt limiteerituks &#8211; piiratud nahal\u00e4bistamise v\u00f5ime, epidermise pigmentatsiooni muutuste risk ja armistumine.<\/p>\n<p>[\/vc_column_text][vc_single_image image=&#8221;833&#8243; img_size=&#8221;large&#8221;][vc_column_text]Suur samm tehnoloogia edasiarendusel toimus aastal 2000, kui Dr. Michael Kreindel koost\u00f6\u00f6s Dr. Shimon Eckhousiga kombineeris optilise energia (IPL ja laser) bi-polaarse raadiolainega. Nii s\u00fcndis elektro-optiline s\u00fcnergia elos\u2122. ELOS\u2122 tehnoloogia seab uue standardi turvalistele ja efektiivsetele mittekirurgilistele esteetilistele protseduuridele ja \u00fcletab laser- ja IPL protseduuride limiteeritud v\u00f5imalused ja turvalisuse.[\/vc_column_text][\/vc_column][vc_column width=&#8221;1\/2&#8243;][vc_column_text]<\/p>\n<div>\n<h2>Avasta enda jaoks\u00a0ELOS\u2122 Suurim turvalisus ja efektiivsus!<\/h2>\n<p>Traditsioonilisi valgusallikaid nagu laser ja IPL on edukalt kasutatud juba pikka aega k\u00f5ikv\u00f5imalike nahaprobleemide raviks ja karvade eemaldamiseks, kasutatakse erinevaid pikkusega valguslaineid ja filtreeritud valgusspektreid. Laseritel ja muudel tugevatel valgusallikatel esineb \u00fcks probleem &#8211; sihtm\u00e4rki (<a href=\"http:\/\/laserclinic.ee\/protseduurid\/elos-epilatsioon\/\">karvasibul<\/a>, <a href=\"http:\/\/laserclinic.ee\/protseduurid\/elos-akne-hooldus\/\">akne<\/a>, <a href=\"http:\/\/laserclinic.ee\/protseduurid\/elos-noorendus\/\">pigmendi-<\/a> ja <a href=\"http:\/\/laserclinic.ee\/protseduurid\/elos-kapillaarilaienditele\/\">veenilaiend<\/a> v\u00f5i <a href=\"http:\/\/laserclinic.ee\/protseduurid\/triniti-totaalne-nahauuendus\/\">kollageeni kiud<\/a>) ei neeldu piisavalt palju soojusenergiat tagamaks protseduuri efektiivsust, ilma, et t\u00f6\u00f6deldava ala k\u00f5rval asuvatele kudedele (epidermis ja dermis) ei tekiks kahjustusi.<\/p>\n<p>ELOS\u2122 tehnoloogial on v\u00e4lja pakkuda lahendus sellele probleemile &#8211; \u00a0raadiolaine ja valguse energia t\u00e4idavad \u00fchtset \u00fclesannet, milleks on kudede temperatuuri t\u00f5stmine. Samas neelduvad raadiolaine ja valgus erinevalt eri kudedes, siis vastavalt vajadusele suurendades \u00fchte ja v\u00e4hendades teist, saame tagada turvalised ja efektiivsed protseduurid igale nahat\u00fc\u00fcbile.<\/p>\n<\/div>\n<p>[\/vc_column_text][vc_single_image image=&#8221;831&#8243; img_size=&#8221;full&#8221; css=&#8221;.vc_custom_1451299429595{padding-bottom: 20px !important;}&#8221;][vc_column_text]Samal ajal jahutab epidermist k\u00fclm kontaktotsik suurendades sedasi naha vastupanuv\u00f5imet. Selle tulemusena v\u00e4heneb raadiolane neeldumine epidermises, suurendades n\u00f5nda turvalisust ja tagades soojusenergia s\u00fcgavama penetratsiooni eelsoojendatud alas.[\/vc_column_text][\/vc_column][\/vc_row][vc_row css=&#8221;.vc_custom_1444748505963{padding-top: 40px !important;}&#8221;][vc_column width=&#8221;1\/2&#8243;][vc_column_text]<\/p>\n<h2>ELOS\u2122 tehnoloogia\u00a0eelised<\/h2>\n<p>[\/vc_column_text][vc_column_text]<\/p>\n<ul>\n<li>Energia neeldub t\u00e4pselt eelsoojendatud alasse, j\u00e4ttes k\u00f5rvalasuva k\u00fclma naha puutumata. Saab v\u00e4ga t\u00e4pselt m\u00e4\u00e4ratleda t\u00f6\u00f6tlemiseks vajaliku ala<\/li>\n<li>Ei tekita lisariski epidermisele<\/li>\n<li>Protseduur on valutu, sest nahaga otseses kokkupuutes olev kontaktotsik on jahutatud 5\u00baC<\/li>\n<li>Suur kontaktotsik 12\u00d725 mm l\u00fchendab tunduvalt protseduuri kestvust<\/li>\n<li>S\u00fcgavam nahal\u00e4bistusv\u00f5ime tagab parema l\u00f5ppresultaadi<\/li>\n<li>Bi-polaarne raadiolaine on v\u00e4ga t\u00e4pselt kontrollile alluv soojusenergia allikas, mille koostoime optilise energiaga tagab parima tulemuse<\/li>\n<li>V\u00f5imaldab kasutada valgusenergiat tasemel, kus see on t\u00e4iesti ohutu k\u00f5ikidele nahat\u00fc\u00fcpidel (st. v\u00e4hem optilist energiat kui tavalisel IPLil ja laseril)<\/li>\n<li>Turvalisuse tagamise lisaseadmed \u2013 aktiivne nahatemperatuuri kontroll kogu protseduuri v\u00e4ltel<\/li>\n<\/ul>\n<p>[\/vc_column_text][\/vc_column][vc_column width=&#8221;1\/2&#8243;][vc_video link=&#8221;https:\/\/www.youtube.com\/watch?v=Fa5sKRWUPd8#t=76&#8243;][vc_empty_space][vc_column_text]K\u00f5ik Syneroni\u00a0seadmed omavad CE, FDA (Food and Drug Administration) ja\u00a0\u00a0ISO (International Organization for Standardization) sertifikaate.<\/p>\n<p>[\/vc_column_text][\/vc_column][\/vc_row][vc_row css=&#8221;.vc_custom_1444747095933{padding-top: 40px !important;}&#8221;][vc_column][\/vc_column][\/vc_row]<\/p>\n<\/div>","protected":false},"excerpt":{"rendered":"<p>[vc_row][vc_column][\/vc_column][\/vc_row][vc_row css=&#8221;.vc_custom_1444747102260{padding-top: 20px !important;}&#8221;][vc_column width=&#8221;1\/2&#8243;][vc_column_text] Laserist ELOS\u2122-eni [\/vc_column_text][vc_column_text]Kuigi esimesed laserid leiutati 60ndate keskel, v\u00f5ttis aega 20 aastat, kuni tehnoloogia arendati piisavalt turvaliseks, et rakendada seda dermatoloogiliste probleemide lahendamiseks. Aastal 1991 leiutas ja pantenteeris f\u00fc\u00fcsik dr. Shimon Eckhouse intensiivse pulseeriva valguse (IPL) tehnoloogia. Aastateks sai IPList mittekirurgilise iluravi valdav meetod. Siiski, ka see tehnoloogia j\u00e4i oma<\/p>\n","protected":false},"author":1,"featured_media":0,"parent":0,"menu_order":0,"comment_status":"closed","ping_status":"closed","template":"template-default-without-breadcrumbs.php","meta":{"_monsterinsights_skip_tracking":false,"_monsterinsights_sitenote_active":false,"_monsterinsights_sitenote_note":"","_monsterinsights_sitenote_category":0,"footnotes":""},"class_list":["post-1146","page","type-page","status-publish","hentry"],"_links":{"self":[{"href":"https:\/\/www.laserclinic.ee\/fi\/wp-json\/wp\/v2\/pages\/1146","targetHints":{"allow":["GET"]}}],"collection":[{"href":"https:\/\/www.laserclinic.ee\/fi\/wp-json\/wp\/v2\/pages"}],"about":[{"href":"https:\/\/www.laserclinic.ee\/fi\/wp-json\/wp\/v2\/types\/page"}],"author":[{"embeddable":true,"href":"https:\/\/www.laserclinic.ee\/fi\/wp-json\/wp\/v2\/users\/1"}],"replies":[{"embeddable":true,"href":"https:\/\/www.laserclinic.ee\/fi\/wp-json\/wp\/v2\/comments?post=1146"}],"version-history":[{"count":0,"href":"https:\/\/www.laserclinic.ee\/fi\/wp-json\/wp\/v2\/pages\/1146\/revisions"}],"wp:attachment":[{"href":"https:\/\/www.laserclinic.ee\/fi\/wp-json\/wp\/v2\/media?parent=1146"}],"curies":[{"name":"wp","href":"https:\/\/api.w.org\/{rel}","templated":true}]}}