{"id":1097,"date":"2015-10-18T11:15:49","date_gmt":"2015-10-18T11:15:49","guid":{"rendered":"http:\/\/laserclinic.ee\/fi\/ematrix-sublative\/"},"modified":"2016-02-24T12:29:22","modified_gmt":"2016-02-24T12:29:22","slug":"emartix-sublative-nuorennus","status":"publish","type":"page","link":"https:\/\/www.laserclinic.ee\/fi\/toimenpiteet\/emartix-sublative-nuorennus\/","title":{"rendered":"eMartix\u2122 Sublative\u2122 nuorennus"},"content":{"rendered":"<div class=\"wpb-content-wrapper\"><p>[vc_row top_margin=&#8221;page_margin_top&#8221; css=&#8221;.vc_custom_1445246099959{padding-top: 20px !important;}&#8221;][vc_column width=&#8221;1\/4&#8243;][vc_widget_sidebar top_margin=&#8221;page_margin_top&#8221; sidebar_id=&#8221;protseduurid-fi&#8221; el_class=&#8221;protseduurid&#8221;][\/vc_column][vc_column width=&#8221;3\/4&#8243;][vc_column_text]<\/p>\n<h2>eMartix\u2122 Sublative\u2122 nuorennus<\/h2>\n<p>[\/vc_column_text][vc_tabs top_margin=&#8221;page_margin_top&#8221;][vc_tab title=&#8221;Toimenpiteest\u00e4&#8221; tab_id=&#8221;1445174342-1-18755c-c25f&#8221;][vc_empty_space][vc_single_image image=&#8221;304&#8243; img_size=&#8221;full&#8221;][vc_empty_space][vc_column_text]<\/p>\n<h2>eMartix\u2122 Sublative\u2122 nuorennus<\/h2>\n<p>[\/vc_column_text]<h3 class=\"sentence template-quote-2\">Uusi toimenpide uuden teknologia ja uudella laitteella! Meill\u00e4 on toimenpiteen hinta 25\u2013270 euroa, mutta Suomessa maksaa sama toimenpide 850\u2013910 euroa!<\/h3>[vc_column_text]Ihonuudistus, miss\u00e4 stimuloidaan kollageenin ja elastiinin muodostumista ihossa.<\/p>\n<ul>\n<li>Parantaa aknearpia ja venytysarpia eli strioja, tasoittaa ihon ep\u00e4tasaisuuksia<\/li>\n<li>Tasoittaa ihonv\u00e4ri\u00e4 ja poistaa pigmenttil\u00e4isk\u00e4t<\/li>\n<li>Tasoittaa pienet ja keskisyv\u00e4t rypyt<\/li>\n<li>Kiinteytt\u00e4\u00e4 veltostunutta ihoa ja lis\u00e4\u00e4 ihon joustavuutta<\/li>\n<li>Toimenpide voidaan tehd\u00e4 my\u00f6s ruskealle eli ruskettuneelle iholle<\/li>\n<\/ul>\n<p>Ensimm\u00e4iset tulokset n\u00e4kyv\u00e4t viikon p\u00e4\u00e4st\u00e4 ja uusiutumisprosessit ihossa jatkuvat viel\u00e4 3-5 kuukauden aikana toimenpiteen j\u00e4lkeenkin!<br \/>\nToimenpiteen kesto on 15 \u2013 45 min<\/p>\n<p>Parhaan tuloksen saavuttamiseksi on suositeltavaa tehd\u00e4 1-5 toimenpidett\u00e4 3-4 viikon v\u00e4lein. Jotta tulos pysyy, suosittelemme toistamaan toimenpidett\u00e4 1-2 kertaa vuodessa. Sublative\u2122 -hoidon voi yhdist\u00e4\u00e4 my\u00f6s muihin ELOS\u2122 toimenpiteisiin.<\/p>\n<p>eMartix\u2122 Sublative\u2122 -toimenpidett\u00e4 edelt\u00e4\u00e4 laserasiantuntijan konsultaatio, selvitet\u00e4\u00e4n ihotyyppi, testataan ihon reaktiota energiaimpulssille ja selvitet\u00e4\u00e4n mahdolliset vasta-aiheet toimenpiteelle.[\/vc_column_text][vc_column_text]<\/p>\n<p><iframe loading=\"lazy\" width=\"356\" height=\"200\" src=\"https:\/\/www.youtube.com\/embed\/djHTG7IvBMk?feature=oembed\" frameborder=\"0\" allowfullscreen><\/iframe><\/p>\n<p><iframe loading=\"lazy\" width=\"356\" height=\"200\" src=\"https:\/\/www.youtube.com\/embed\/QsFk1D8VGGY?feature=oembed\" frameborder=\"0\" allowfullscreen><\/iframe><\/p>\n<p>[\/vc_column_text][\/vc_tab][vc_tab title=&#8221;Ennen ja j\u00e4lkeen kuvat&#8221; tab_id=&#8221;1446470357080-1-7&#8243;][vc_column_text][\/vc_column_text][vc_empty_space][vc_single_image image=&#8221;305&#8243; img_size=&#8221;large&#8221;][vc_empty_space][vc_single_image image=&#8221;262&#8243; img_size=&#8221;large&#8221;][vc_empty_space][vc_single_image image=&#8221;242&#8243; img_size=&#8221;large&#8221;][vc_empty_space][vc_single_image image=&#8221;273&#8243; img_size=&#8221;large&#8221;][vc_empty_space][vc_single_image image=&#8221;271&#8243; img_size=&#8221;large&#8221;][vc_empty_space][vc_single_image image=&#8221;306&#8243; img_size=&#8221;large&#8221;][vc_empty_space][vc_single_image image=&#8221;307&#8243; img_size=&#8221;large&#8221;][\/vc_tab][vc_tab title=&#8221;Tiedoksi ennen toimenpiteeseen tuloa&#8221; tab_id=&#8221;1447691985162-2-7&#8243;][vc_column_text]<\/p>\n<ul>\n<li>eMartix\u2122 Sublative\u2122 -toimenpiteeseen on suositeltavaa tulla puhtaalla iholla, olla k\u00e4ytt\u00e4m\u00e4tt\u00e4 voiteita, parfyymi\u00e4, meikki\u00e4 ja meikinpoistoaineita.<\/li>\n<li>Jos aiemmin on tehty kasvojen kemiallinen kuorinta tai jokin kirurginen toimenpide, niin ennen uutta toimenpidett\u00e4 t\u00e4ytyy siit\u00e4 olla kulunut 2 viikosta 3 kuukauteen.<\/li>\n<li>Toimenpiteit\u00e4 ei suositella raskaana oleville ja imett\u00e4ville \u00e4ideille, porfyriaa, vaikeamuotoista diabetesta, lupusta ja epilepsiaa sairastaville.<\/li>\n<li>Toimenpidett\u00e4 ei tehd\u00e4 henkil\u00f6ille, joilla on taipumus keloidisiin arpiin.<\/li>\n<li>Toimenpidett\u00e4 ei saa tehd\u00e4 niille, joilla on tai on ollut ihosy\u00f6p\u00e4 tai jokin muu kasvain tai joilla on s\u00e4hk\u00f6inen syd\u00e4mentahdistin.<\/li>\n<li>Ennen toimenpidett\u00e4 on suositeltavaa neuvotella asiantuntijan kanssa.<\/li>\n<\/ul>\n<p>[\/vc_column_text][vc_empty_space][vc_single_image image=&#8221;393&#8243; img_size=&#8221;full&#8221;][\/vc_tab][\/vc_tabs][\/vc_column][\/vc_row]<\/p>\n<\/div>","protected":false},"excerpt":{"rendered":"<p>[vc_row top_margin=&#8221;page_margin_top&#8221; css=&#8221;.vc_custom_1445246099959{padding-top: 20px !important;}&#8221;][vc_column width=&#8221;1\/4&#8243;][vc_widget_sidebar top_margin=&#8221;page_margin_top&#8221; sidebar_id=&#8221;protseduurid-fi&#8221; el_class=&#8221;protseduurid&#8221;][\/vc_column][vc_column width=&#8221;3\/4&#8243;][vc_column_text] eMartix\u2122 Sublative\u2122 nuorennus [\/vc_column_text][vc_tabs top_margin=&#8221;page_margin_top&#8221;][vc_tab title=&#8221;Toimenpiteest\u00e4&#8221; tab_id=&#8221;1445174342-1-18755c-c25f&#8221;][vc_empty_space][vc_single_image image=&#8221;304&#8243; img_size=&#8221;full&#8221;][vc_empty_space][vc_column_text] eMartix\u2122 Sublative\u2122 nuorennus [\/vc_column_text][vc_column_text]Ihonuudistus, miss\u00e4 stimuloidaan kollageenin ja elastiinin muodostumista ihossa. Parantaa aknearpia ja venytysarpia eli strioja, tasoittaa ihon ep\u00e4tasaisuuksia Tasoittaa ihonv\u00e4ri\u00e4 ja poistaa pigmenttil\u00e4isk\u00e4t Tasoittaa pienet ja keskisyv\u00e4t rypyt Kiinteytt\u00e4\u00e4 veltostunutta ihoa ja lis\u00e4\u00e4 ihon<\/p>\n","protected":false},"author":1,"featured_media":0,"parent":1106,"menu_order":0,"comment_status":"closed","ping_status":"closed","template":"template-default-without-breadcrumbs.php","meta":{"_monsterinsights_skip_tracking":false,"_monsterinsights_sitenote_active":false,"_monsterinsights_sitenote_note":"","_monsterinsights_sitenote_category":0,"footnotes":""},"class_list":["post-1097","page","type-page","status-publish","hentry"],"_links":{"self":[{"href":"https:\/\/www.laserclinic.ee\/fi\/wp-json\/wp\/v2\/pages\/1097","targetHints":{"allow":["GET"]}}],"collection":[{"href":"https:\/\/www.laserclinic.ee\/fi\/wp-json\/wp\/v2\/pages"}],"about":[{"href":"https:\/\/www.laserclinic.ee\/fi\/wp-json\/wp\/v2\/types\/page"}],"author":[{"embeddable":true,"href":"https:\/\/www.laserclinic.ee\/fi\/wp-json\/wp\/v2\/users\/1"}],"replies":[{"embeddable":true,"href":"https:\/\/www.laserclinic.ee\/fi\/wp-json\/wp\/v2\/comments?post=1097"}],"version-history":[{"count":2,"href":"https:\/\/www.laserclinic.ee\/fi\/wp-json\/wp\/v2\/pages\/1097\/revisions"}],"predecessor-version":[{"id":1099,"href":"https:\/\/www.laserclinic.ee\/fi\/wp-json\/wp\/v2\/pages\/1097\/revisions\/1099"}],"up":[{"embeddable":true,"href":"https:\/\/www.laserclinic.ee\/fi\/wp-json\/wp\/v2\/pages\/1106"}],"wp:attachment":[{"href":"https:\/\/www.laserclinic.ee\/fi\/wp-json\/wp\/v2\/media?parent=1097"}],"curies":[{"name":"wp","href":"https:\/\/api.w.org\/{rel}","templated":true}]}}