{"id":1092,"date":"2015-10-18T11:16:50","date_gmt":"2015-10-18T11:16:50","guid":{"rendered":"http:\/\/laserclinic.ee\/fi\/triniti-totaalne-nahauuendus\/"},"modified":"2016-02-24T12:21:12","modified_gmt":"2016-02-24T12:21:12","slug":"triniti-taydellinen-ihonuudistus","status":"publish","type":"page","link":"https:\/\/www.laserclinic.ee\/fi\/toimenpiteet\/triniti-taydellinen-ihonuudistus\/","title":{"rendered":"Triniti\u2122 t\u00e4ydellinen ihonuudistus"},"content":{"rendered":"<div class=\"wpb-content-wrapper\"><p>[vc_row top_margin=&#8221;page_margin_top&#8221; css=&#8221;.vc_custom_1445246099959{padding-top: 20px !important;}&#8221;][vc_column width=&#8221;1\/4&#8243;][vc_widget_sidebar top_margin=&#8221;page_margin_top&#8221; sidebar_id=&#8221;protseduurid-fi&#8221; el_class=&#8221;protseduurid&#8221;][\/vc_column][vc_column width=&#8221;3\/4&#8243;][vc_column_text]<\/p>\n<h1>Triniti\u2122 t\u00e4ydellinen ihonuudistus<\/h1>\n<p>[\/vc_column_text][vc_tabs top_margin=&#8221;page_margin_top&#8221;][vc_tab title=&#8221;Toimenpiteest\u00e4&#8221; tab_id=&#8221;1445174342-1-1859f4-7da5be06-5f46&#8243;][vc_empty_space][vc_single_image image=&#8221;293&#8243; img_size=&#8221;full&#8221;][vc_empty_space][vc_column_text]<\/p>\n<h2>TRINITI\u2122 = ELOS\u2122 nuorennus + eMatrix\u2122 Sublativ\u2122 nuorennus<\/h2>\n<p>[\/vc_column_text]<h3 class=\"sentence template-quote-2\">\u201dAll in One!\u201d Yhdistetty toimenpide ihon uudistamiseen, jossa hoidetaan samanaikaisesti kaikkia iho-ongelmia saman k\u00e4ynnin aikana!<\/h3>[vc_column_text]Toimenpide on tarkoitettu kaikkien ik\u00e4\u00e4ntymismerkkien hoitoon yhden k\u00e4ynnin aikana<\/p>\n<ul>\n<li>hiussuonilaajentumat: teleangiektasia, ruusufinni, couperosa, suonikasvaimet<\/li>\n<li>pigmenttil\u00e4isk\u00e4t: pisamat, aurinkol\u00e4isk\u00e4t, maksal\u00e4isk\u00e4t, melasma, hyperpigmentaatio<\/li>\n<li>arpien parantaminen<\/li>\n<li>ryppyjen tasoitus<\/li>\n<li>v\u00e4syneen ja veltostuneen ihon kiinteytt\u00e4minen<\/li>\n<li>UVB ja UVA s\u00e4teiden vahingoittaman ihon uudistaminen<\/li>\n<\/ul>\n<p>Ensimm\u00e4iset tulokset n\u00e4kyv\u00e4t jo 1 viikon kuluttua toimenpiteest\u00e4 ja koska kyseinen toimenpide on eritt\u00e4in intensiivinen, jatkuvat uusiutumisprosessit ihossa viel\u00e4 3\u20135 kuukauden aikana toimenpiteen j\u00e4lkeenkin.<\/p>\n<p>Toimenpiteen kesto on 1\u20131,5 tuntia<\/p>\n<p>Parhaan tuloksen saavuttamiseksi on suositeltavaa tehd\u00e4 1-3 toimenpidett\u00e4 4-8 viikon v\u00e4lein. Jotta tulos pysyy, suosittelemme toistamaan toimenpidett\u00e4 1\u20132 kertaa vuodessa.<\/p>\n<p>Toimenpidett\u00e4 edelt\u00e4\u00e4 laserasiantuntijan konsultaatio, selvitet\u00e4\u00e4n ihotyyppi, testataan ihon reaktiota energiaimpulssille ja selvitet\u00e4\u00e4n mahdolliset <a href=\"http:\/\/laserclinic.ee\/protseduurid\/triniti-totaalne-nahauuendus\/#1445174441074-2-059f4-7da5be06-5f46\">vasta-aiheet<\/a> toimenpiteelle.<\/p>\n<hr \/>\n<p>Triniti\u2122 on t\u00e4ydellinen ihonuudistustoimenpide, joka koostuu kahdesta eri hoidosta, jotka suoritetaan kahdella eri laitteella, ja tuloksena hoidetaan samaan aikaan intensiivisesti KAIKKI <a href=\"http:\/\/laserclinic.ee\/sumptomid\/\">ik\u00e4\u00e4ntymismerkit<\/a>.<\/p>\n<p><img loading=\"lazy\" decoding=\"async\" class=\"alignleft wp-image-647 size-medium\" src=\"http:\/\/laserclinic.ee\/wp-content\/uploads\/2015\/10\/see-triniti-juurde-300x193.png\" alt=\"elos fotonoorendus\" width=\"300\" height=\"193\" srcset=\"https:\/\/www.laserclinic.ee\/wp-content\/uploads\/2015\/10\/see-triniti-juurde-300x193.png 300w, https:\/\/www.laserclinic.ee\/wp-content\/uploads\/2015\/10\/see-triniti-juurde-310x200.png 310w, https:\/\/www.laserclinic.ee\/wp-content\/uploads\/2015\/10\/see-triniti-juurde.png 459w\" sizes=\"auto, (max-width: 300px) 100vw, 300px\" \/><\/p>\n<p>&nbsp;<\/p>\n<p><a href=\"http:\/\/laserclinic.ee\/protseduurid\/elos-noorendus\/\">ELOS\u2122 fotonuorennus<\/a> \u2013 toimii pigmenttil\u00e4iskille ja hiussuonilaajentumien hoitoon, tasoittaa ihonv\u00e4ri\u00e4. Hiussuonilaajentumat koaguloituvat heti ja pigmenttil\u00e4isk\u00e4t hilseilev\u00e4t pois 10 p\u00e4iv\u00e4ss\u00e4.[\/vc_column_text][vc_empty_space][vc_empty_space][vc_column_text]<strong><img loading=\"lazy\" decoding=\"async\" class=\"wp-image-860 size-medium alignleft\" src=\"http:\/\/laserclinic.ee\/wp-content\/uploads\/2015\/10\/opti-see-triniti-juurde-sublative-300x169.jpg\" alt=\"sublative noorendus\" width=\"300\" height=\"169\" srcset=\"https:\/\/www.laserclinic.ee\/wp-content\/uploads\/2015\/10\/opti-see-triniti-juurde-sublative-300x169.jpg 300w, https:\/\/www.laserclinic.ee\/wp-content\/uploads\/2015\/10\/opti-see-triniti-juurde-sublative.jpg 500w\" sizes=\"auto, (max-width: 300px) 100vw, 300px\" \/><\/strong><br \/>\n<a href=\"http:\/\/laserclinic.ee\/protseduurid\/ematrix-sublative\/\">eMatrix\u2122 Sublative\u2122<\/a> \u2013 vaikuttaa ryppyihin, arpiin ja veltostuneeseen ihoon. Toimenpide perustuu uuden sukupolven fraktionaaliseen radiofrekvenssiin, jossa l\u00e4mp\u00f6energia johdetaan ihon syvempiin kerroksiin, miss\u00e4 vanhat solut pilkotaan pienin\u00e4 reikin\u00e4. L\u00e4mp\u00f6energia vaikutuksesta ymp\u00e4r\u00f6ivien kudosten aktivoitumisen tuloksena muodostuu uusi kollageeni ja elastiini.[\/vc_column_text][\/vc_tab][vc_tab title=&#8221;Ennen ja j\u00e4lkeen kuvat&#8221; tab_id=&#8221;1446396050185-2-6be06-5f46&#8243;][vc_column_text][\/vc_column_text][vc_column_text][\/vc_column_text][vc_empty_space][vc_single_image image=&#8221;290&#8243; img_size=&#8221;large&#8221;][vc_empty_space][vc_single_image image=&#8221;291&#8243; img_size=&#8221;large&#8221;][vc_empty_space][vc_single_image image=&#8221;289&#8243; img_size=&#8221;large&#8221;][vc_empty_space][vc_single_image image=&#8221;292&#8243; img_size=&#8221;large&#8221;][\/vc_tab][vc_tab title=&#8221;Tiedoksi ennen toimenpiteeseen tuloa&#8221; tab_id=&#8221;1445174441074-2-059f4-7da5be06-5f46&#8243;][vc_column_text]<\/p>\n<ul>\n<li>Toimenpiteeseen on suositeltavaa tulla puhtaalla iholla, olla k\u00e4ytt\u00e4m\u00e4tt\u00e4 voiteita, parfyymi\u00e4 ja meikki\u00e4.<\/li>\n<li>2 viikon aikana ennen toimenpidett\u00e4 ei saa ottaa aurinkoa, k\u00e4yd\u00e4 solariumissa eik\u00e4 k\u00e4ytt\u00e4\u00e4 itseruskettavia voiteita. Toimenpidett\u00e4 ei voida tehd\u00e4 liian ruskettuneelle iholle!<\/li>\n<li>Ennen toimenpidett\u00e4 pit\u00e4\u00e4 ehdottomasti v\u00e4ltt\u00e4\u00e4 valoherkkyytt\u00e4 aiheuttavien (roaccutan,tetrasykliini ym..) ja verta ohentavien (Marevan ym..) l\u00e4\u00e4kkeiden, kasvisuutteiden (kuisma ym.), vitamiinien (A-vitamiini ym. suurina annoksina), sek\u00e4 ravintolisien ja ruoka-aineiden k\u00e4ytt\u00f6\u00e4 tavallisesta enemm\u00e4n.<\/li>\n<li>Jos aiemmin on tehty kasvojen kemiallinen kuorinta tai jokin kirurginen toimenpide, niin ennen uutta toimenpidett\u00e4 t\u00e4ytyy siit\u00e4 olla kulunut 2 viikosta 3 kuukauteen.<\/li>\n<li>Toimenpiteit\u00e4 ei suositella raskaana oleville ja imett\u00e4ville \u00e4ideille, porfyriaa, vaikeamuotoista diabetesta, lupusta ja epilepsiaa sairastaville.<\/li>\n<li>Toimenpidett\u00e4 ei saa tehd\u00e4 niille, joilla on tai on ollut ihosy\u00f6p\u00e4 tai jokin muu kasvain tai joilla on s\u00e4hk\u00f6inen syd\u00e4mentahdistin.<\/li>\n<li>Ennen toimenpidett\u00e4 on hyv\u00e4 neuvotella asiantuntijan kanssa.<\/li>\n<\/ul>\n<p>[\/vc_column_text][vc_empty_space][vc_single_image image=&#8221;390&#8243; img_size=&#8221;full&#8221;][\/vc_tab][\/vc_tabs][\/vc_column][\/vc_row][vc_row][vc_column][\/vc_column][\/vc_row]<\/p>\n<\/div>","protected":false},"excerpt":{"rendered":"<p>[vc_row top_margin=&#8221;page_margin_top&#8221; css=&#8221;.vc_custom_1445246099959{padding-top: 20px !important;}&#8221;][vc_column width=&#8221;1\/4&#8243;][vc_widget_sidebar top_margin=&#8221;page_margin_top&#8221; sidebar_id=&#8221;protseduurid-fi&#8221; el_class=&#8221;protseduurid&#8221;][\/vc_column][vc_column width=&#8221;3\/4&#8243;][vc_column_text] Triniti\u2122 t\u00e4ydellinen ihonuudistus [\/vc_column_text][vc_tabs top_margin=&#8221;page_margin_top&#8221;][vc_tab title=&#8221;Toimenpiteest\u00e4&#8221; tab_id=&#8221;1445174342-1-1859f4-7da5be06-5f46&#8243;][vc_empty_space][vc_single_image image=&#8221;293&#8243; img_size=&#8221;full&#8221;][vc_empty_space][vc_column_text] TRINITI\u2122 = ELOS\u2122 nuorennus + eMatrix\u2122 Sublativ\u2122 nuorennus [\/vc_column_text][vc_column_text]Toimenpide on tarkoitettu kaikkien ik\u00e4\u00e4ntymismerkkien hoitoon yhden k\u00e4ynnin aikana hiussuonilaajentumat: teleangiektasia, ruusufinni, couperosa, suonikasvaimet pigmenttil\u00e4isk\u00e4t: pisamat, aurinkol\u00e4isk\u00e4t, maksal\u00e4isk\u00e4t, melasma, hyperpigmentaatio arpien parantaminen ryppyjen tasoitus v\u00e4syneen ja veltostuneen ihon<\/p>\n","protected":false},"author":1,"featured_media":0,"parent":1106,"menu_order":0,"comment_status":"closed","ping_status":"closed","template":"template-default-without-breadcrumbs.php","meta":{"_monsterinsights_skip_tracking":false,"_monsterinsights_sitenote_active":false,"_monsterinsights_sitenote_note":"","_monsterinsights_sitenote_category":0,"footnotes":""},"class_list":["post-1092","page","type-page","status-publish","hentry"],"_links":{"self":[{"href":"https:\/\/www.laserclinic.ee\/fi\/wp-json\/wp\/v2\/pages\/1092","targetHints":{"allow":["GET"]}}],"collection":[{"href":"https:\/\/www.laserclinic.ee\/fi\/wp-json\/wp\/v2\/pages"}],"about":[{"href":"https:\/\/www.laserclinic.ee\/fi\/wp-json\/wp\/v2\/types\/page"}],"author":[{"embeddable":true,"href":"https:\/\/www.laserclinic.ee\/fi\/wp-json\/wp\/v2\/users\/1"}],"replies":[{"embeddable":true,"href":"https:\/\/www.laserclinic.ee\/fi\/wp-json\/wp\/v2\/comments?post=1092"}],"version-history":[{"count":4,"href":"https:\/\/www.laserclinic.ee\/fi\/wp-json\/wp\/v2\/pages\/1092\/revisions"}],"predecessor-version":[{"id":1217,"href":"https:\/\/www.laserclinic.ee\/fi\/wp-json\/wp\/v2\/pages\/1092\/revisions\/1217"}],"up":[{"embeddable":true,"href":"https:\/\/www.laserclinic.ee\/fi\/wp-json\/wp\/v2\/pages\/1106"}],"wp:attachment":[{"href":"https:\/\/www.laserclinic.ee\/fi\/wp-json\/wp\/v2\/media?parent=1092"}],"curies":[{"name":"wp","href":"https:\/\/api.w.org\/{rel}","templated":true}]}}