{"id":1089,"date":"2015-10-18T11:16:29","date_gmt":"2015-10-18T11:16:29","guid":{"rendered":"http:\/\/laserclinic.ee\/fi\/elos-naha-pinguldus\/"},"modified":"2016-02-24T13:17:38","modified_gmt":"2016-02-24T13:17:38","slug":"elos-ihonkiristys","status":"publish","type":"page","link":"https:\/\/www.laserclinic.ee\/fi\/toimenpiteet\/elos-ihonkiristys\/","title":{"rendered":"ELOS\u2122 ihonkiristys"},"content":{"rendered":"<div class=\"wpb-content-wrapper\"><p>[vc_row top_margin=&#8221;page_margin_top&#8221; css=&#8221;.vc_custom_1445246099959{padding-top: 20px !important;}&#8221;][vc_column width=&#8221;1\/4&#8243;][vc_widget_sidebar top_margin=&#8221;page_margin_top&#8221; sidebar_id=&#8221;protseduurid-fi&#8221; el_class=&#8221;protseduurid&#8221;][\/vc_column][vc_column width=&#8221;3\/4&#8243;][vc_column_text]<\/p>\n<h1>ELOS\u2122\u00a0ihonkiristys<\/h1>\n<p>[\/vc_column_text][vc_tabs top_margin=&#8221;page_margin_top&#8221;][vc_tab title=&#8221;Toimenpiteest\u00e4&#8221; tab_id=&#8221;1445174342-1-1859f4-7da509a0-17f8&#8243;][vc_empty_space][vc_single_image image=&#8221;285&#8243; img_size=&#8221;full&#8221;][vc_empty_space][vc_column_text]<\/p>\n<h2>ELOS\u2122 ihon kirist\u00e4minen ReFirme\u2122<\/h2>\n<p>[\/vc_column_text]<h3 class=\"sentence template-quote-2\">Iho kiinte\u00e4mm\u00e4ksi!<\/h3>[vc_column_text]Maailmassa ainutlaatuinen FDA:n hyv\u00e4ksym\u00e4 ei-kirurginen toimenpide!<\/p>\n<p>Toimenpide<\/p>\n<ul>\n<li>vaikuttaa ihonalaisiin kudoksiin<\/li>\n<li>parantaa ihon rakennetta<\/li>\n<li>kiinteytt\u00e4\u00e4 veltostunutta ihoa<\/li>\n<li>v\u00e4hent\u00e4\u00e4 ryppyj\u00e4<\/li>\n<li>v\u00e4hent\u00e4\u00e4 aknen j\u00e4tt\u00e4mi\u00e4 arpia<\/li>\n<\/ul>\n<p>Toimenpiteen tuloksena iho kiinteytyy ja siit\u00e4 tulee joustavampi!<\/p>\n<p>Vaikutus n\u00e4kyy 1,5 kuukauden kuluttua toimenpiteest\u00e4.<\/p>\n<p>Toimenpiteen kesto on 15 \u2013 45 min.<\/p>\n<p>Parhaan tuloksen saavuttamiseksi suositellaan 3-5 hoitokertaa 3-4 viikon v\u00e4lein. Hyvin veltostuneen ihon kyseess\u00e4 ollen tarvitaan lis\u00e4toimenpiteet. Jotta tulos pysyy, on suositeltava toistamaan hoitoa 1-2 kertaa vuodessa. Ihonkiristystoimenpiteen voi yhdist\u00e4\u00e4 my\u00f6s muihin <a href=\"http:\/\/laserclinic.ee\/protseduurid\/elos-noorendus\/\">ELOS\u2122<\/a> ja<a href=\"http:\/\/laserclinic.ee\/protseduurid\/ematrix-sublative\/\"> Sublative\u2122<\/a> -toimenpiteisiin.<\/p>\n<p>ELOS\u2122 ihonkiristyst\u00e4 edelt\u00e4\u00e4 laserasiantuntijan konsultaatio, selvitet\u00e4\u00e4n ihotyyppi, testataan ihon reaktiota energiaimpulssille ja selvitet\u00e4\u00e4n mahdolliset vasta-aiheet toimenpiteelle.<\/p>\n<hr \/>\n<p>Toimenpide perustuu <a href=\"http:\/\/laserclinic.ee\/elos-tehnoloogia\/\">ELOS\u2122 teknologiaan<\/a>, miss\u00e4 ihonalaisia kudoksia k\u00e4sitell\u00e4\u00e4n <strong>yhdistettyn\u00e4<\/strong> infrapunavaloon (IPL) ja kaksisuuntaiseen radiofrekvenssiin.<\/p>\n<p>Ihon rakenteen muutokset kuten<a href=\"http:\/\/laserclinic.ee\/sumptomid\/\"> ryppyjen<\/a> synty, ihon <a href=\"http:\/\/laserclinic.ee\/sumptomid\/\">veltostuminen<\/a> ja joustavuuden menetys johtuvat kollageenin ja elastiinin v\u00e4henemisest\u00e4 ihonalaisessa kudoksessa. Toimenpide stimuloi kollageenin synteesi\u00e4 pitk\u00e4ll\u00e4 aikav\u00e4lill\u00e4 sek\u00e4 kiinteytt\u00e4\u00e4 ihon kollageenikuituja, lis\u00e4ten nopeasti tonusta. Kertyneen l\u00e4mm\u00f6n vaikutuksesta ihokudokset v\u00e4hitellen kiristyv\u00e4t, pienemm\u00e4t ja syvemm\u00e4t rypyt tasoittuvat ja pehmenev\u00e4t. Kudosten supistumisen tuloksena otsan, kaulan, leuan ja poskien alueen joustavuus paranee ja kollageenin synteesin vilkastumisen ansiosta jatkaa paranemista.<\/p>\n<p>Dermist\u00e4 l\u00e4mmitet\u00e4\u00e4n 1-3 mm syvyydelt\u00e4 infrapunavalolla, joka sopii kaikille ihotyypeille. Kudosten l\u00e4mmitt\u00e4minen parantaa fibroblastin (sidekudoksen perussolut) toimintaa, mik\u00e4 puolestaan stimuloi kollageenin muodostumista. Mutta infrapunavalo yhteisvaikutuksessa kaksisuuntaisen radiofrekvenssin kanssa mahdollistaa l\u00e4mmitt\u00e4\u00e4 dermiksen 4-5 mm syvyydelt\u00e4, joten kollageenikuidut supistuvat. Kudosten supistumisen tulos n\u00e4kyy jo minuuteissa \u2013 ihosta tulee kiinte\u00e4mpi ja sile\u00e4mpi.<\/p>\n<p><iframe loading=\"lazy\" src=\"http:\/\/www.youtube.com\/embed\/g2_Gfzn3dlE?rel=0\" width=\"365\" height=\"200\" frameborder=\"0\" allowfullscreen=\"allowfullscreen\"><\/iframe>\u00a0<iframe loading=\"lazy\" src=\"http:\/\/www.youtube.com\/embed\/X18917_EjoI?rel=0\" width=\"365\" height=\"200\" frameborder=\"0\" allowfullscreen=\"allowfullscreen\"><\/iframe><\/p>\n<p><iframe loading=\"lazy\" src=\"http:\/\/www.youtube.com\/embed\/t4M0r-YsWwE?rel=0\" width=\"365\" height=\"200\" frameborder=\"0\" allowfullscreen=\"allowfullscreen\"><\/iframe>\u00a0<iframe loading=\"lazy\" src=\"http:\/\/www.youtube.com\/embed\/jrIUmcof3Y0?rel=0\" width=\"365\" height=\"200\" frameborder=\"0\" allowfullscreen=\"allowfullscreen\"><\/iframe>[\/vc_column_text][\/vc_tab][vc_tab title=&#8221;Ennen ja j\u00e4lkeen -kuvat&#8221; tab_id=&#8221;1446396050185-2-609a0-17f8&#8243;][vc_column_text][\/vc_column_text][vc_empty_space][vc_single_image image=&#8221;270&#8243; img_size=&#8221;large&#8221;][vc_empty_space][vc_single_image image=&#8221;269&#8243; img_size=&#8221;large&#8221;][vc_empty_space][vc_single_image image=&#8221;271&#8243; img_size=&#8221;large&#8221;][\/vc_tab][vc_tab title=&#8221;Tiedoksi ennen toimenpiteeseen tuloa&#8221; tab_id=&#8221;1445174441074-2-059f4-7da509a0-17f8&#8243;][vc_column_text]<\/p>\n<ul>\n<li>Toimenpiteeseen on suositeltavaa tulla puhtaalla iholla, olla k\u00e4ytt\u00e4m\u00e4tt\u00e4 voiteita, parfyymi\u00e4 ja meikki\u00e4.<\/li>\n<li>2 viikon aikana ennen toimenpidett\u00e4 ei saa ottaa aurinkoa, k\u00e4yd\u00e4 solariumissa eik\u00e4 k\u00e4ytt\u00e4\u00e4 itseruskettavia voiteita. Toimenpidett\u00e4 ei voida tehd\u00e4 liian ruskettuneelle iholle!<\/li>\n<li>Ennen toimenpidett\u00e4 pit\u00e4\u00e4 ehdottomasti v\u00e4ltt\u00e4\u00e4 valoherkkyytt\u00e4 aiheuttavien (roaccutan,tetrasykliini ym..) ja verta ohentavien (Marevan ym..) l\u00e4\u00e4kkeiden, kasvisuutteiden (kuisma ym.), vitamiinien (A-vitamiini ym. suurina annoksina), sek\u00e4 ravintolisien ja ruoka-aineiden k\u00e4ytt\u00f6\u00e4 tavallisesta enemm\u00e4n.<\/li>\n<li>Jos aiemmin on tehty kasvojen kemiallinen kuorinta tai jokin kirurginen toimenpide, niin ennen uutta toimenpidett\u00e4 t\u00e4ytyy siit\u00e4 olla kulunut 2 viikosta 3 kuukauteen.<\/li>\n<li>Toimenpiteit\u00e4 ei suositella raskaana oleville ja imett\u00e4ville \u00e4ideille, porfyriaa, vaikeamuotoista diabetesta, lupusta ja epilepsiaa sairastaville.<\/li>\n<li>Toimenpidett\u00e4 ei saa tehd\u00e4 niille, joilla on tai on ollut ihosy\u00f6p\u00e4 tai jokin muu kasvain tai joilla on s\u00e4hk\u00f6inen syd\u00e4mentahdistin.<\/li>\n<li>Ennen toimenpidett\u00e4 on hyv\u00e4 neuvotella asiantuntijan kanssa.<\/li>\n<\/ul>\n<p>[\/vc_column_text][vc_empty_space][vc_single_image image=&#8221;382&#8243; img_size=&#8221;full&#8221;][\/vc_tab][\/vc_tabs][\/vc_column][\/vc_row]<\/p>\n<\/div>","protected":false},"excerpt":{"rendered":"<p>[vc_row top_margin=&#8221;page_margin_top&#8221; css=&#8221;.vc_custom_1445246099959{padding-top: 20px !important;}&#8221;][vc_column width=&#8221;1\/4&#8243;][vc_widget_sidebar top_margin=&#8221;page_margin_top&#8221; sidebar_id=&#8221;protseduurid-fi&#8221; el_class=&#8221;protseduurid&#8221;][\/vc_column][vc_column width=&#8221;3\/4&#8243;][vc_column_text] ELOS\u2122\u00a0ihonkiristys [\/vc_column_text][vc_tabs top_margin=&#8221;page_margin_top&#8221;][vc_tab title=&#8221;Toimenpiteest\u00e4&#8221; tab_id=&#8221;1445174342-1-1859f4-7da509a0-17f8&#8243;][vc_empty_space][vc_single_image image=&#8221;285&#8243; img_size=&#8221;full&#8221;][vc_empty_space][vc_column_text] ELOS\u2122 ihon kirist\u00e4minen ReFirme\u2122 [\/vc_column_text][vc_column_text]Maailmassa ainutlaatuinen FDA:n hyv\u00e4ksym\u00e4 ei-kirurginen toimenpide! Toimenpide vaikuttaa ihonalaisiin kudoksiin parantaa ihon rakennetta kiinteytt\u00e4\u00e4 veltostunutta ihoa v\u00e4hent\u00e4\u00e4 ryppyj\u00e4 v\u00e4hent\u00e4\u00e4 aknen j\u00e4tt\u00e4mi\u00e4 arpia Toimenpiteen tuloksena iho kiinteytyy ja siit\u00e4 tulee joustavampi! Vaikutus n\u00e4kyy 1,5 kuukauden<\/p>\n","protected":false},"author":1,"featured_media":0,"parent":1106,"menu_order":0,"comment_status":"closed","ping_status":"closed","template":"template-default-without-breadcrumbs.php","meta":{"_monsterinsights_skip_tracking":false,"_monsterinsights_sitenote_active":false,"_monsterinsights_sitenote_note":"","_monsterinsights_sitenote_category":0,"footnotes":""},"class_list":["post-1089","page","type-page","status-publish","hentry"],"_links":{"self":[{"href":"https:\/\/www.laserclinic.ee\/fi\/wp-json\/wp\/v2\/pages\/1089","targetHints":{"allow":["GET"]}}],"collection":[{"href":"https:\/\/www.laserclinic.ee\/fi\/wp-json\/wp\/v2\/pages"}],"about":[{"href":"https:\/\/www.laserclinic.ee\/fi\/wp-json\/wp\/v2\/types\/page"}],"author":[{"embeddable":true,"href":"https:\/\/www.laserclinic.ee\/fi\/wp-json\/wp\/v2\/users\/1"}],"replies":[{"embeddable":true,"href":"https:\/\/www.laserclinic.ee\/fi\/wp-json\/wp\/v2\/comments?post=1089"}],"version-history":[{"count":3,"href":"https:\/\/www.laserclinic.ee\/fi\/wp-json\/wp\/v2\/pages\/1089\/revisions"}],"predecessor-version":[{"id":1216,"href":"https:\/\/www.laserclinic.ee\/fi\/wp-json\/wp\/v2\/pages\/1089\/revisions\/1216"}],"up":[{"embeddable":true,"href":"https:\/\/www.laserclinic.ee\/fi\/wp-json\/wp\/v2\/pages\/1106"}],"wp:attachment":[{"href":"https:\/\/www.laserclinic.ee\/fi\/wp-json\/wp\/v2\/media?parent=1089"}],"curies":[{"name":"wp","href":"https:\/\/api.w.org\/{rel}","templated":true}]}}