{"id":1086,"date":"2015-10-18T11:17:13","date_gmt":"2015-10-18T11:17:13","guid":{"rendered":"http:\/\/laserclinic.ee\/fi\/elos-akne-hooldus\/"},"modified":"2016-02-24T12:36:31","modified_gmt":"2016-02-24T12:36:31","slug":"elos-aknehoito","status":"publish","type":"page","link":"https:\/\/www.laserclinic.ee\/fi\/toimenpiteet\/elos-aknehoito\/","title":{"rendered":"ELOS\u2122 aknehoito"},"content":{"rendered":"<div class=\"wpb-content-wrapper\"><p>[vc_row top_margin=&#8221;page_margin_top&#8221; css=&#8221;.vc_custom_1445246099959{padding-top: 20px !important;}&#8221;][vc_column width=&#8221;1\/4&#8243;][vc_widget_sidebar top_margin=&#8221;page_margin_top&#8221; sidebar_id=&#8221;protseduurid-fi&#8221; el_class=&#8221;protseduurid&#8221;][\/vc_column][vc_column width=&#8221;3\/4&#8243;][vc_column_text]<\/p>\n<h1>ELOS\u2122 aknehoito<\/h1>\n<p>[\/vc_column_text][vc_tabs top_margin=&#8221;page_margin_top&#8221;][vc_tab title=&#8221;Toimenpiteest\u00e4&#8221; tab_id=&#8221;1445174342-1-1859f4-7da547c0-65e7&#8243;][vc_empty_space][vc_single_image image=&#8221;374&#8243; img_size=&#8221;full&#8221;][vc_empty_space][vc_column_text]<\/p>\n<h2>ELOS\u2122 aknehoito<\/h2>\n<p>[\/vc_column_text]<h3 class=\"sentence template-quote-2\">Kliinisesti hyv\u00e4ksytty!<\/h3>[vc_column_text]Aknehoidon tehokkuus ja turvallisuus <a href=\"http:\/\/laserclinic.ee\/elos-tehnoloogia\/\">ELOS\u2122 teknologialla<\/a> on kliinisesti <span id=\"result_box\" class=\"short_text\" lang=\"fi\"><span class=\"hps\">todistettu<\/span><\/span>.<\/p>\n<p>Aknehoito<\/p>\n<ul>\n<li>s\u00e4\u00e4t\u00e4\u00e4 talirauhasten aktiivisuutta<\/li>\n<li>v\u00e4hent\u00e4\u00e4 ylim\u00e4\u00e4r\u00e4isen talin synty\u00e4 talirauhasissa<\/li>\n<li>supistaa aknea aiheuttavien P. Acnes -bakteerien liikakasvualuetta<\/li>\n<li>v\u00e4hent\u00e4\u00e4 P. Acnes bakteerikantaa ihossa<\/li>\n<li>lievitt\u00e4\u00e4 tulehduksia<\/li>\n<li>nopeuttaa ihon paranemista ja palautumista<\/li>\n<\/ul>\n<p>Toimenpiteen kesto on 15\u201330 min.<\/p>\n<p>Parhaan tuloksen saavuttamiseksi suositellaan tehd\u00e4 1 toimenpide viikossa 5\u20136 viikon aikana. Sen j\u00e4lkeen kannattaa 2 kertaa kuukaudessa suorittaa ennaltaehk\u00e4isev\u00e4t toimenpiteet, sitten kerran kuukaudessa ja lopuksi pident\u00e4\u00e4 toimenpiteiden aikav\u00e4lej\u00e4 riippuen aknen paranemisnopeudesta. Aknehoidon voi yhdist\u00e4\u00e4 my\u00f6s muihin <a href=\"http:\/\/laserclinic.ee\/protseduurid\/triniti-totaalne-nahauuendus\/\">ELOS\u2122<\/a> ja <a href=\"http:\/\/laserclinic.ee\/protseduurid\/ematrix-sublative\/\">Sublative\u2122<\/a> toimenpiteisiin.<\/p>\n<p>ELOS\u2122 aknehoidon toimenpidett\u00e4 edelt\u00e4\u00e4 laserasiantuntijan konsultaatio, selvitet\u00e4\u00e4n ihotyyppi, testataan ihon reaktiota energiaimpulssille ja selvitet\u00e4\u00e4n mahdolliset <a href=\"http:\/\/laserclinic.ee\/protseduurid\/elos-akne-hooldus\/#1445174441074-2-059f4-7da547c0-65e7\">vasta-aiheet<\/a> toimenpiteelle.<\/p>\n<hr \/>\n<p>Aknen sekundaaristen ilmi\u00f6iden (<a href=\"http:\/\/laserclinic.ee\/protseduurid\/ematrix-sublative\/\">arvet, l\u00e4isk\u00e4t<\/a>) hoitoon suositellaan <a href=\"http:\/\/laserclinic.ee\/protseduurid\/elos-noorendus\/\">ELOS\u2122 fotonuorennusta<\/a> ja\/tai <a href=\"http:\/\/laserclinic.ee\/protseduurid\/ematrix-sublative\/\">Sublative\u2122<\/a> -toimenpidett\u00e4.<\/p>\n<p><a href=\"http:\/\/laserclinic.ee\/elos-tehnoloogia\/\">ELOS \u2122 teknologiaan<\/a> pohjautuva aknehoito k\u00e4ytt\u00e4\u00e4 ihon talirauhasten k\u00e4sittelyyn laajaa <strong>valospektri\u00e4 (400\u2013980 nm)<\/strong> ja kaksisuuntaista radiotaajuusenergiaa. Sininen, lyhytaaltoinen valo vaikuttaa P. Acnes -bakteerikantaan talirauhastiehyiss\u00e4. P. Acnes -bakteerit tuottavat porfyriinej\u00e4, jotka ovat valohoidon k\u00e4sittelykohteena. Valo tuottaa bakteerien solukalvossa vapaita radikaaleja, jotka tuhoavat bakteereja ja n\u00e4in tulehdus talirauhasessa lievittyy. Punaisella ja infrapunaisella valospektrill\u00e4 yhdess\u00e4 radiotaajuusenergian kanssa on talirauhasta kuivaava vaikutus, joka est\u00e4\u00e4 liiallista talinerityst\u00e4. Radioaalto auttaa nopeuttamaan <a href=\"http:\/\/laserclinic.ee\/medicenter_sidebars\/sumptomid\/\">aknearpien<\/a> paranemista.[\/vc_column_text][vc_single_image image=&#8221;429&#8243; img_size=&#8221;large&#8221;][vc_column_text]Vaikka aknehoito ELOS \u2122 teknologialla v\u00e4hent\u00e4\u00e4 ja hoitaa aktiivista aknea, geneettiset ja ymp\u00e4rist\u00f6tekij\u00e4t saattavat kuitenkin aiheuttaa aknen uusiutumisen. Kannattaa my\u00f6s huolellisesti noudattaa ihonhoito-ohjeita ja k\u00e4ytt\u00e4\u00e4 \u00f6ljytt\u00f6mi\u00e4 aurinkovoiteita, mietoja kasvonpuhdistusaineita, ihon talia ja keratiinia s\u00e4\u00e4televi\u00e4 aineita kuten glykolihappo, AHA-hapot, paikalliset retinoidit ym. apuaineet, jotka auttavat v\u00e4ltt\u00e4m\u00e4\u00e4n huokosten tukkeutumista.<\/p>\n<p>Aknearpien sek\u00e4 ruskeiden ja punaisten l\u00e4iskien hoitoon intensiivisen ELOS\u2122 aknehoitokuurin j\u00e4lkeen suosittelemme<a href=\"http:\/\/laserclinic.ee\/protseduurid\/elos-noorendus\/\"> ELOS\u2122 fotonuorennus<\/a> ja <a href=\"http:\/\/laserclinic.ee\/protseduurid\/ematrix-sublative\/\">Sublative\u2122<\/a> -toimenpidett\u00e4.<\/p>\n<p>Aknen eli <em>Acne vulgaris<\/em> pes\u00e4kkeisiin suosittelemme ELOS\u2122 aknehoitoa.<\/p>\n<p>Avoimet komedot (mustap\u00e4\u00e4t, kuva 1)<br \/>\nSulkeutuneet komedot (valkop\u00e4\u00e4t, kuva 2)<br \/>\nEi-tulehdukselliset solmukkeet (joskus niit\u00e4 kutsutaan kystoiksi)<br \/>\nPapulat (pienet punaiset n\u00e4ppyl\u00e4t, kuva 3)<br \/>\nPustulat eli m\u00e4rk\u00e4rakkulat (valkoiset tai kellert\u00e4v\u00e4t \u201ckypsyneet\u201d finnit, kuva 4)<br \/>\nTulehdukselliset solmukkeet (isot punaiset nystyr\u00e4t) HUOM.! Suosittelemme menn\u00e4 ihol\u00e4\u00e4k\u00e4rille.[\/vc_column_text][vc_single_image image=&#8221;432&#8243; img_size=&#8221;large&#8221;][vc_column_text]<strong>Aknen <\/strong>sekundaarisiin pes\u00e4kkeisiin suosittelemme <a href=\"http:\/\/laserclinic.ee\/protseduurid\/elos-noorendus\/\">ELOS fotonuorennusta<\/a> ja\/tai <a href=\"http:\/\/laserclinic.ee\/protseduurid\/ematrix-sublative\/\">Sublative\u2122<\/a> toimenpidett\u00e4.<\/p>\n<p><a href=\"http:\/\/laserclinic.ee\/sumptomid\/\">Ekskoriaatiot<\/a> (raavitut l\u00e4isk\u00e4t)<br \/>\n<a href=\"http:\/\/laserclinic.ee\/sumptomid\/\">Punoittavat l\u00e4isk\u00e4t<\/a> (j\u00e4lkil\u00e4isk\u00e4t hiljattain parantuneista pes\u00e4kkeist\u00e4)<br \/>\n<a href=\"http:\/\/laserclinic.ee\/sumptomid\/\">Pigmenttil\u00e4isk\u00e4t<\/a> (ruskehtavat j\u00e4lkil\u00e4isk\u00e4t vanhemmista pes\u00e4kkeist\u00e4)<\/p>\n<p><strong>Aknea voivat aiheuttaa<\/strong> monet eri tekij\u00e4t:<\/p>\n<ul>\n<li>Liiallinen talintuotanto. Talin tuotantoa talirauhasissa vilkastuttavat androgeeniset hormonit testosteroni ja dihydrotestosteroni, joiden m\u00e4\u00e4r\u00e4 kasvaa murrosi\u00e4ss\u00e4.<\/li>\n<li>Huokosten tukkeutuminen talilla ja kuolleilla ihosoluilla, mik\u00e4 lis\u00e4\u00e4 ihomatojen syntymist\u00e4.<\/li>\n<li>Follikkelien sein\u00e4m\u00e4 saattaa rikkoutua, mink\u00e4 johdosta bakteerit ja komedojen sis\u00e4lt\u00f6 p\u00e4\u00e4sev\u00e4t huokoisista ymp\u00e4r\u00f6iv\u00e4\u00e4n ihoon. Syntyv\u00e4t tulehdukselliset pes\u00e4kkeet (n\u00e4ppyl\u00e4t tai pustulat).<\/li>\n<li>Geneettiset tekij\u00e4t.<\/li>\n<li>Hormonaaliset tekij\u00e4t (androgeenisten hormonien korkeampi taso), polykystiset munasarjat (yleinen), muut hormonaaliset h\u00e4iri\u00f6t (harvoin), psykologinen stressi ja depressio.<\/li>\n<li>Ymp\u00e4rist\u00f6tekij\u00e4t: ihon turpoamaa aiheuttava korkea kosteus, kosmetiikkatuotteet, varsinkin jotkut kosteuttajat, puuterivoiteet, hiusv\u00e4rit, rasvaiset aurinkosuojavoiteet ja useat tehoaineet (esim. lanoliini, vaseliini, kasvi\u00f6ljyt, butyylistearaatti, lauryylialkoholi ja \u00f6ljyhappo).<\/li>\n<\/ul>\n<p><em>Acne vulgaris<\/em> on yleisin aknemuoto, joka jossakin el\u00e4m\u00e4nvaiheessa esiintyy 85\u2013100 %:lla ihmisist\u00e4. Syntyy l\u00e4hinn\u00e4 murros- ja nuoruusi\u00e4ss\u00e4, mutta saattaa pysy\u00e4 tai jopa pahentua aikuisi\u00e4ss\u00e4. Valtaosalla aknepotilaista on talinen iho. <em>Acne vulgaris<\/em> voi esiinty\u00e4 kasvoissa, rintalastassa ja sel\u00e4n yl\u00e4osassa, joskus my\u00f6s muilla alueilla, miss\u00e4 on paljon talirauhasia. Yleens\u00e4 voi samanaikaisesti l\u00f6yt\u00e4\u00e4 useita erilaisia aknepes\u00e4kkeit\u00e4. Yksitt\u00e4iset ihottumailmi\u00f6t pysyv\u00e4t yleens\u00e4 alle 2 viikkoa, mutta syvemm\u00e4t solmukkeet saattavat pysy\u00e4 pitk\u00e4\u00e4n. Aknen muoto voi olla joko liev\u00e4, keskivaikea tai vaikea. Komedoaknessa vallitsevat avoimet ja sulkeutuneet komedot, tulehduksellisessa aknessa papulat ja pustulat. Kystista aknea luonnehtivat kystat, solmukkeet ja <a href=\"http:\/\/laserclinic.ee\/protseduurid\/ematrix-sublative\/\">rei\u00e4lliset arvet<\/a>.[\/vc_column_text][\/vc_tab][vc_tab title=&#8221;Ennen ja j\u00e4lkeen kuvat&#8221; tab_id=&#8221;1446396050185-2-647c0-65e7&#8243;][vc_column_text][\/vc_column_text][vc_empty_space][vc_single_image image=&#8221;258&#8243; img_size=&#8221;large&#8221;][vc_empty_space][vc_single_image image=&#8221;260&#8243; img_size=&#8221;large&#8221;][vc_empty_space][vc_single_image image=&#8221;259&#8243; img_size=&#8221;large&#8221;][vc_empty_space][vc_single_image image=&#8221;261&#8243; img_size=&#8221;large&#8221;][\/vc_tab][vc_tab title=&#8221;Tiedoksi ennen toimenpiteeseen tuloa&#8221; tab_id=&#8221;1445174441074-2-059f4-7da547c0-65e7&#8243;][vc_column_text]<\/p>\n<ul>\n<li>Toimenpiteeseen on suositeltavaa tulla puhtaalla iholla, olla k\u00e4ytt\u00e4m\u00e4tt\u00e4 voiteita, parfyymi\u00e4 ja meikki\u00e4.<\/li>\n<li>2 viikon aikana ennen toimenpidett\u00e4 ei saa ottaa aurinkoa, k\u00e4yd\u00e4 solariumissa eik\u00e4 k\u00e4ytt\u00e4\u00e4 itseruskettavia voiteita. Toimenpidett\u00e4 ei voida tehd\u00e4 liian ruskettuneelle iholle!<\/li>\n<li>Ennen toimenpidett\u00e4 pit\u00e4\u00e4 ehdottomasti v\u00e4ltt\u00e4\u00e4 valoherkkyytt\u00e4 aiheuttavien (roaccutan,tetrasykliini ym..) ja verta ohentavien (Marevan ym..) l\u00e4\u00e4kkeiden, kasvisuutteiden (kuisma ym.), vitamiinien (A-vitamiini ym. suurina annoksina), sek\u00e4 ravintolisien ja ruoka-aineiden k\u00e4ytt\u00f6\u00e4 tavallisesta enemm\u00e4n.<\/li>\n<li>Jos aiemmin on tehty kasvojen kemiallinen kuorinta tai jokin kirurginen toimenpide, niin ennen uutta toimenpidett\u00e4 t\u00e4ytyy siit\u00e4 olla kulunut 2 viikosta 3 kuukauteen.<\/li>\n<li>Toimenpiteit\u00e4 ei suositella raskaana oleville ja imett\u00e4ville \u00e4ideille, porfyriaa, vaikeamuotoista diabetesta, lupusta ja epilepsiaa sairastaville.<\/li>\n<li>Toimenpidett\u00e4 ei saa tehd\u00e4 niille, joilla on tai on ollut ihosy\u00f6p\u00e4 tai jokin muu kasvain tai joilla on s\u00e4hk\u00f6inen syd\u00e4mentahdistin.<\/li>\n<li>Ennen toimenpidett\u00e4 on hyv\u00e4 neuvotella asiantuntijan kanssa.<\/li>\n<\/ul>\n<p>[\/vc_column_text][vc_empty_space][vc_single_image image=&#8221;387&#8243; img_size=&#8221;full&#8221;][\/vc_tab][\/vc_tabs][\/vc_column][\/vc_row][vc_row][vc_column][\/vc_column][\/vc_row]<\/p>\n<\/div>","protected":false},"excerpt":{"rendered":"<p>[vc_row top_margin=&#8221;page_margin_top&#8221; css=&#8221;.vc_custom_1445246099959{padding-top: 20px !important;}&#8221;][vc_column width=&#8221;1\/4&#8243;][vc_widget_sidebar top_margin=&#8221;page_margin_top&#8221; sidebar_id=&#8221;protseduurid-fi&#8221; el_class=&#8221;protseduurid&#8221;][\/vc_column][vc_column width=&#8221;3\/4&#8243;][vc_column_text] ELOS\u2122 aknehoito [\/vc_column_text][vc_tabs top_margin=&#8221;page_margin_top&#8221;][vc_tab title=&#8221;Toimenpiteest\u00e4&#8221; tab_id=&#8221;1445174342-1-1859f4-7da547c0-65e7&#8243;][vc_empty_space][vc_single_image image=&#8221;374&#8243; img_size=&#8221;full&#8221;][vc_empty_space][vc_column_text] ELOS\u2122 aknehoito [\/vc_column_text][vc_column_text]Aknehoidon tehokkuus ja turvallisuus ELOS\u2122 teknologialla on kliinisesti todistettu. Aknehoito s\u00e4\u00e4t\u00e4\u00e4 talirauhasten aktiivisuutta v\u00e4hent\u00e4\u00e4 ylim\u00e4\u00e4r\u00e4isen talin synty\u00e4 talirauhasissa supistaa aknea aiheuttavien P. Acnes -bakteerien liikakasvualuetta v\u00e4hent\u00e4\u00e4 P. Acnes bakteerikantaa ihossa lievitt\u00e4\u00e4 tulehduksia nopeuttaa ihon paranemista<\/p>\n","protected":false},"author":1,"featured_media":0,"parent":1106,"menu_order":0,"comment_status":"closed","ping_status":"closed","template":"template-default-without-breadcrumbs.php","meta":{"_monsterinsights_skip_tracking":false,"_monsterinsights_sitenote_active":false,"_monsterinsights_sitenote_note":"","_monsterinsights_sitenote_category":0,"footnotes":""},"class_list":["post-1086","page","type-page","status-publish","hentry"],"_links":{"self":[{"href":"https:\/\/www.laserclinic.ee\/fi\/wp-json\/wp\/v2\/pages\/1086","targetHints":{"allow":["GET"]}}],"collection":[{"href":"https:\/\/www.laserclinic.ee\/fi\/wp-json\/wp\/v2\/pages"}],"about":[{"href":"https:\/\/www.laserclinic.ee\/fi\/wp-json\/wp\/v2\/types\/page"}],"author":[{"embeddable":true,"href":"https:\/\/www.laserclinic.ee\/fi\/wp-json\/wp\/v2\/users\/1"}],"replies":[{"embeddable":true,"href":"https:\/\/www.laserclinic.ee\/fi\/wp-json\/wp\/v2\/comments?post=1086"}],"version-history":[{"count":4,"href":"https:\/\/www.laserclinic.ee\/fi\/wp-json\/wp\/v2\/pages\/1086\/revisions"}],"predecessor-version":[{"id":1271,"href":"https:\/\/www.laserclinic.ee\/fi\/wp-json\/wp\/v2\/pages\/1086\/revisions\/1271"}],"up":[{"embeddable":true,"href":"https:\/\/www.laserclinic.ee\/fi\/wp-json\/wp\/v2\/pages\/1106"}],"wp:attachment":[{"href":"https:\/\/www.laserclinic.ee\/fi\/wp-json\/wp\/v2\/media?parent=1086"}],"curies":[{"name":"wp","href":"https:\/\/api.w.org\/{rel}","templated":true}]}}