{"id":1083,"date":"2015-10-18T11:15:28","date_gmt":"2015-10-18T11:15:28","guid":{"rendered":"http:\/\/laserclinic.ee\/fi\/elos-kapillaarilaienditele\/"},"modified":"2016-02-23T20:02:36","modified_gmt":"2016-02-23T20:02:36","slug":"elos-hiussuonilaajentumien-poisto","status":"publish","type":"page","link":"https:\/\/www.laserclinic.ee\/fi\/toimenpiteet\/elos-hiussuonilaajentumien-poisto\/","title":{"rendered":"ELOS\u2122 hiussuonilaajentumien poisto"},"content":{"rendered":"<div class=\"wpb-content-wrapper\"><p>[vc_row top_margin=&#8221;page_margin_top&#8221; css=&#8221;.vc_custom_1445246099959{padding-top: 20px !important;}&#8221;][vc_column width=&#8221;1\/4&#8243;][vc_widget_sidebar top_margin=&#8221;page_margin_top&#8221; sidebar_id=&#8221;protseduurid-fi&#8221; el_class=&#8221;protseduurid&#8221;][\/vc_column][vc_column width=&#8221;3\/4&#8243;][vc_column_text]<\/p>\n<h1>ELOS\u2122 hiussuonilaajentumien poisto<\/h1>\n<p>[\/vc_column_text][vc_tabs top_margin=&#8221;page_margin_top&#8221;][vc_tab title=&#8221;Toimenpiteest\u00e4&#8221; tab_id=&#8221;1445174342-1-185af2-442e&#8221;][vc_empty_space][vc_single_image image=&#8221;281&#8243; img_size=&#8221;full&#8221;][vc_empty_space][vc_column_text]<\/p>\n<h2>ELOS\u2122 hiussuonilaajentumien poisto<\/h2>\n<p>[\/vc_column_text]<h3 class=\"sentence template-quote-2\">Tehokkain ja uusin menetelm\u00e4 h\u00e4iritsevien verisuonien poistoon!<\/h3>[vc_column_text]Ei-kirurginen toimenpide kasvojen ja nen\u00e4n punoituksen v\u00e4hent\u00e4miseen ja hiussuonilaajentumien poistoon.<\/p>\n<p>Toimenpiteen kohteena on <a href=\"http:\/\/laserclinic.ee\/sumptomid\/\">hiussuonilaajentumat<\/a><\/p>\n<ul>\n<li>teleangiektasia eli laajentuneet pintaverisuonet<\/li>\n<li>ruusufinni<\/li>\n<li>couperosa<\/li>\n<li>suonikasvaimet<\/li>\n<\/ul>\n<p>Ensimm\u00e4inen tulos n\u00e4kyy heti ja lopputulos 2-3 viikon kuluttua toimenpiteest\u00e4!<\/p>\n<p>Toimenpiteen kesto on 15 min \u2013 1 h.<\/p>\n<p>Ongelmasta riippuen on parhaan tuloksen saavuttamiseksi suositeltavaa\u00a0tehd\u00e4 1-2 toimenpidett\u00e4 3-4 viikon v\u00e4lein. Jotta tulos pysyy, suosittelemme tarpeen mukaan toistamaan hoitoa 1-2 kertaa vuodessa. Toimenpiteen voi yhdist\u00e4\u00e4 my\u00f6s muihin <a href=\"http:\/\/laserclinic.ee\/protseduurid\/elos-noorendus\/\">ELOS\u2122 <\/a>ja <a href=\"http:\/\/laserclinic.ee\/protseduurid\/ematrix-sublative\/\">Sublative\u2122<\/a> toimenpiteisiin.<\/p>\n<p>Hiussuonilaajentumien hoitotoimenpidett\u00e4 ELOS\u2122 teknologialla edelt\u00e4\u00e4 laserasiantuntijan konsultaatio, selvitet\u00e4\u00e4n ihotyyppi, testataan ihon reaktiota energiaimpulssille ja selvitet\u00e4\u00e4n mahdolliset <a href=\"http:\/\/laserclinic.ee\/protseduurid\/elos-kapillaarilaienditele\/#1445174441074-2-05af2-442e\">vasta-aiheet<\/a> toimenpiteelle.<\/p>\n<hr \/>\n<p>ELOS\u2122 teknologia hiussuonilaajentumien poistamiseksi on maailman ensimm\u00e4inen ja ainoa toimenpide, joka perustuu niin optisen energian kuin my\u00f6s radiotaajuusenergian <strong>yht\u00e4aikaiseen <\/strong>vaikutukseen.[\/vc_column_text][vc_empty_space][vc_single_image image=&#8221;681&#8243; img_size=&#8221;large&#8221;][vc_empty_space][vc_column_text]<a href=\"http:\/\/laserclinic.ee\/elos-tehnoloogia\/\">ELOS\u2122 teknologiassa<\/a> on yhdistetty sykkiv\u00e4n optisen valon infrapuna-alueen energia ja kaksisuuntainen radiotaajuusenergia, joka johdetaan ihokudoksiin yhten\u00e4isen\u00e4 impulssina, varmistaen n\u00e4in tehokkaan tuloksen ja toimenpiteen turvallisuuden. Laitteessa sijaitseva ohjauslaite seuraa toimenpiteen aikana ihokudosten l\u00e4mp\u00f6tilaa v\u00e4ltt\u00e4\u00e4kseen niiden ylikuumenemista ja siit\u00e4 johtuvia sivuvaikutuksia.<\/p>\n<p><strong>Yleisimm\u00e4t ongelmat ja oireet<\/strong><\/p>\n<p><a href=\"http:\/\/laserclinic.ee\/sumptomid\/\">Ruusufinni<\/a> on melko yleinen ihosairaus aikuisten seassa, siit\u00e4 k\u00e4rsii maailmassa yli 45 miljoonaa ihmist\u00e4. Euroopassa tehtyjen tutkimusten mukaan esiintyy rosaceaa n. 10 %:lla v\u00e4est\u00f6st\u00e4. Sairaus puhkeaa yleens\u00e4 30\u201340-vuotiailla, sairastumisen tiheys kasvaa 40\u201350-vuotiailla. Useammin sairastuvat vaaleaihoiset, blondit ja sinisilm\u00e4iset naiset, mutta miehill\u00e4 esiintyv\u00e4t tavallisesti sairauden vaikeammat muodot.<\/p>\n<p><a href=\"http:\/\/laserclinic.ee\/sumptomid\/\">Teleangiektasia<\/a> eli <a href=\"http:\/\/laserclinic.ee\/sumptomid\/\">\u201ct\u00e4hdet\u201d <\/a>ja <a href=\"http:\/\/laserclinic.ee\/sumptomid\/\">\u201ch\u00e4m\u00e4h\u00e4kkiluomet\u201d<\/a> \u2013 v\u00e4litt\u00f6m\u00e4sti ihon pinnan alla sijaitsevat laajentuneet kapillaarit. Niist\u00e4 k\u00e4rsii 20\u201330 % v\u00e4est\u00f6st\u00e4. Verisuonien laajentumat syntyv\u00e4t useammin herk\u00e4n ja vaalean ihon omaavilla naisilla 35\u201350 ik\u00e4vuodessa.<\/p>\n<p><a href=\"http:\/\/laserclinic.ee\/sumptomid\/\">Couperosa<\/a> on usein esiintyv\u00e4 iho-ongelma \u2013 iho on hell\u00e4 ja kosketusarka ja ihon l\u00e4pi kuultaa pintaverisuonien verkosto, joka aiheuttaa toisinaan kuumoitusta ja punoitusta.<\/p>\n<p><iframe loading=\"lazy\" src=\"https:\/\/www.youtube.com\/embed\/NionWPFjNmY\" width=\"365\" height=\"200\" frameborder=\"0\" allowfullscreen=\"allowfullscreen\"><\/iframe>[\/vc_column_text][\/vc_tab][vc_tab title=&#8221;Ennen ja j\u00e4lkeen kuvat&#8221; tab_id=&#8221;1446469634292-2-5&#8243;][vc_column_text][\/vc_column_text][vc_empty_space][vc_single_image image=&#8221;251&#8243; img_size=&#8221;large&#8221;][vc_empty_space][vc_single_image image=&#8221;252&#8243; img_size=&#8221;large&#8221;][vc_empty_space][vc_single_image image=&#8221;250&#8243; img_size=&#8221;large&#8221;][vc_empty_space][vc_single_image image=&#8221;253&#8243; img_size=&#8221;large&#8221;][vc_empty_space][vc_single_image image=&#8221;254&#8243; img_size=&#8221;large&#8221;][\/vc_tab][vc_tab title=&#8221;Tiedoksi ennen toimenpiteeseen tuloa&#8221; tab_id=&#8221;1445174441074-2-05af2-442e&#8221;][vc_column_text]<\/p>\n<ul>\n<li>Toimenpiteeseen on suositeltavaa tulla puhtaalla iholla, olla k\u00e4ytt\u00e4m\u00e4tt\u00e4 voiteita, parfyymi\u00e4 ja meikki\u00e4.<\/li>\n<li>2 viikon aikana ennen toimenpidett\u00e4 ei saa ottaa aurinkoa, k\u00e4yd\u00e4 solariumissa eik\u00e4 k\u00e4ytt\u00e4\u00e4 itseruskettavia voiteita. Toimenpidett\u00e4 ei voida tehd\u00e4 liian ruskettuneelle iholle!<\/li>\n<li>Ennen toimenpidett\u00e4 pit\u00e4\u00e4 ehdottomasti v\u00e4ltt\u00e4\u00e4 valoherkkyytt\u00e4 aiheuttavien (roaccutan,tetrasykliini ym..) ja verta ohentavien (Marevan ym..) l\u00e4\u00e4kkeiden, kasvisuutteiden (kuisma ym.), vitamiinien (A-vitamiini ym. suurina annoksina), sek\u00e4 ravintolisien ja ruoka-aineiden k\u00e4ytt\u00f6\u00e4 tavallisesta enemm\u00e4n.<\/li>\n<li>Jos aiemmin on tehty kasvojen kemiallinen kuorinta tai jokin kirurginen toimenpide, niin ennen uutta toimenpidett\u00e4 t\u00e4ytyy siit\u00e4 olla kulunut 2 viikosta 3 kuukauteen.<\/li>\n<li>Toimenpiteit\u00e4 ei suositella raskaana oleville ja imett\u00e4ville \u00e4ideille, porfyriaa, vaikeamuotoista diabetesta, lupusta ja epilepsiaa sairastaville.<\/li>\n<li>Toimenpidett\u00e4 ei saa tehd\u00e4 niille, joilla on tai on ollut ihosy\u00f6p\u00e4 tai jokin muu kasvain tai joilla on s\u00e4hk\u00f6inen syd\u00e4mentahdistin.<\/li>\n<li>Ennen toimenpidett\u00e4 on hyv\u00e4 neuvotella asiantuntijan kanssa.<\/li>\n<\/ul>\n<p>[\/vc_column_text][vc_empty_space][vc_single_image image=&#8221;390&#8243; img_size=&#8221;full&#8221;][\/vc_tab][\/vc_tabs][\/vc_column][\/vc_row][vc_row][vc_column][\/vc_column][\/vc_row]<\/p>\n<\/div>","protected":false},"excerpt":{"rendered":"<p>[vc_row top_margin=&#8221;page_margin_top&#8221; css=&#8221;.vc_custom_1445246099959{padding-top: 20px !important;}&#8221;][vc_column width=&#8221;1\/4&#8243;][vc_widget_sidebar top_margin=&#8221;page_margin_top&#8221; sidebar_id=&#8221;protseduurid-fi&#8221; el_class=&#8221;protseduurid&#8221;][\/vc_column][vc_column width=&#8221;3\/4&#8243;][vc_column_text] ELOS\u2122 hiussuonilaajentumien poisto [\/vc_column_text][vc_tabs top_margin=&#8221;page_margin_top&#8221;][vc_tab title=&#8221;Toimenpiteest\u00e4&#8221; tab_id=&#8221;1445174342-1-185af2-442e&#8221;][vc_empty_space][vc_single_image image=&#8221;281&#8243; img_size=&#8221;full&#8221;][vc_empty_space][vc_column_text] ELOS\u2122 hiussuonilaajentumien poisto [\/vc_column_text][vc_column_text]Ei-kirurginen toimenpide kasvojen ja nen\u00e4n punoituksen v\u00e4hent\u00e4miseen ja hiussuonilaajentumien poistoon. Toimenpiteen kohteena on hiussuonilaajentumat teleangiektasia eli laajentuneet pintaverisuonet ruusufinni couperosa suonikasvaimet Ensimm\u00e4inen tulos n\u00e4kyy heti ja lopputulos 2-3 viikon kuluttua toimenpiteest\u00e4! Toimenpiteen kesto<\/p>\n","protected":false},"author":1,"featured_media":0,"parent":1106,"menu_order":0,"comment_status":"closed","ping_status":"closed","template":"template-default-without-breadcrumbs.php","meta":{"_monsterinsights_skip_tracking":false,"_monsterinsights_sitenote_active":false,"_monsterinsights_sitenote_note":"","_monsterinsights_sitenote_category":0,"footnotes":""},"class_list":["post-1083","page","type-page","status-publish","hentry"],"_links":{"self":[{"href":"https:\/\/www.laserclinic.ee\/fi\/wp-json\/wp\/v2\/pages\/1083","targetHints":{"allow":["GET"]}}],"collection":[{"href":"https:\/\/www.laserclinic.ee\/fi\/wp-json\/wp\/v2\/pages"}],"about":[{"href":"https:\/\/www.laserclinic.ee\/fi\/wp-json\/wp\/v2\/types\/page"}],"author":[{"embeddable":true,"href":"https:\/\/www.laserclinic.ee\/fi\/wp-json\/wp\/v2\/users\/1"}],"replies":[{"embeddable":true,"href":"https:\/\/www.laserclinic.ee\/fi\/wp-json\/wp\/v2\/comments?post=1083"}],"version-history":[{"count":3,"href":"https:\/\/www.laserclinic.ee\/fi\/wp-json\/wp\/v2\/pages\/1083\/revisions"}],"predecessor-version":[{"id":1214,"href":"https:\/\/www.laserclinic.ee\/fi\/wp-json\/wp\/v2\/pages\/1083\/revisions\/1214"}],"up":[{"embeddable":true,"href":"https:\/\/www.laserclinic.ee\/fi\/wp-json\/wp\/v2\/pages\/1106"}],"wp:attachment":[{"href":"https:\/\/www.laserclinic.ee\/fi\/wp-json\/wp\/v2\/media?parent=1083"}],"curies":[{"name":"wp","href":"https:\/\/api.w.org\/{rel}","templated":true}]}}