{"id":1080,"date":"2015-10-18T11:15:06","date_gmt":"2015-10-18T11:15:06","guid":{"rendered":"http:\/\/laserclinic.ee\/fi\/elos-noorendus\/"},"modified":"2016-02-24T12:05:28","modified_gmt":"2016-02-24T12:05:28","slug":"elos-fotonuorennus","status":"publish","type":"page","link":"https:\/\/www.laserclinic.ee\/fi\/toimenpiteet\/elos-fotonuorennus\/","title":{"rendered":"ELOS\u2122 fotonuorennus"},"content":{"rendered":"<div class=\"wpb-content-wrapper\"><p>[vc_row top_margin=&#8221;page_margin_top&#8221; css=&#8221;.vc_custom_1445246099959{padding-top: 20px !important;}&#8221;][vc_column width=&#8221;1\/4&#8243;][vc_widget_sidebar top_margin=&#8221;page_margin_top&#8221; sidebar_id=&#8221;protseduurid&#8221; el_class=&#8221;protseduurid&#8221;][\/vc_column][vc_column width=&#8221;3\/4&#8243;][vc_column_text]<\/p>\n<h1>ELOS\u2122\u00a0fotonuorennus<\/h1>\n<p>[\/vc_column_text][vc_tabs top_margin=&#8221;page_margin_top&#8221;][vc_tab title=&#8221;Toimenpiteest\u00e4&#8221; tab_id=&#8221;1445174342-1-1859f4-7da5&#8243;][vc_empty_space][vc_single_image image=&#8221;378&#8243; img_size=&#8221;full&#8221;][vc_empty_space][vc_column_text]<\/p>\n<h2>ELOS\u2122\u00a0fotonuorennus<\/h2>\n<p>[\/vc_column_text]<h3 class=\"sentence template-quote-2\">Ainoa nuorennustoimenpide, joka samalla my\u00f6s kiinteytt\u00e4\u00e4 ihoa!<\/h3>[vc_column_text]Toimenpiteen voi tehd\u00e4 mihin tahansa kehonalueeseen.<\/p>\n<ul>\n<li>Hoitaa UVB ja UVA s\u00e4teiden <a href=\"http:\/\/laserclinic.ee\/sumptomid\/\">vahingoittamaa ihoa<\/a>!<\/li>\n<li>Poistaa <a href=\"http:\/\/laserclinic.ee\/sumptomid\/\">pigmenttil\u00e4iski\u00e4<\/a>: pisamat, aurinkol\u00e4isk\u00e4t, maksal\u00e4isk\u00e4t, melasman, hyperpigmentaation<\/li>\n<li>Parantaa <a href=\"http:\/\/laserclinic.ee\/sumptomid\/\">hiussuonilaajentumien<\/a> (ruusufinni, couperosa, erilaiset suonikasvaimet) ulkon\u00e4k\u00f6\u00e4.<\/li>\n<li>Hidastaa ihon ik\u00e4\u00e4ntymisen my\u00f6t\u00e4 tapahtuvia muutoksia, silottaa pieni\u00e4<a href=\"http:\/\/laserclinic.ee\/sumptomid\/\"> ryppyj\u00e4<\/a>, supistaa <a href=\"http:\/\/laserclinic.ee\/sumptomid\/\">\u00a0ihohuokosia<\/a>, tasoittaa <a href=\"http:\/\/laserclinic.ee\/sumptomid\/\">ihonv\u00e4ri\u00e4<\/a> ja <a href=\"http:\/\/laserclinic.ee\/sumptomid\/\">ihon tekstuuria<\/a><\/li>\n<li>Stimuloi kollageenin ja elastiinin tuotantoa ja nopeuttaa arpien paranemista<\/li>\n<li>V\u00e4hent\u00e4\u00e4 aknen j\u00e4tt\u00e4mi\u00e4 arpia<\/li>\n<\/ul>\n<p>Ensimm\u00e4iset tulokset n\u00e4kyv\u00e4t jo viikon kuluttua toimenpiteest\u00e4, kun pigmenttil\u00e4isk\u00e4t alkavat hilseill\u00e4 ja h\u00e4vi\u00e4v\u00e4t. Uusiutumisprosessit ihossa jatkuvat jopa 2 kuukauden aikana toimenpiteen j\u00e4lkeenkin!<\/p>\n<p>Toimenpiteen kesto: 15 min \u2013 1 h.<\/p>\n<p>Ongelmasta riippuen suositellaan parhaan tuloksen saavuttamiseksi 1-5 toimenpidett\u00e4 3\u20134 viikon v\u00e4lein. Jotta tulos pysyy, suosittelemme toistamaan toimenpidett\u00e4 1-2 kertaa vuodessa. Toimenpiteen voi yhdist\u00e4\u00e4 my\u00f6s muihin<a href=\"http:\/\/laserclinic.ee\/protseduurid\/elos-kapillaarilaienditele\/\"> ELOS\u2122<\/a> ja <a href=\"http:\/\/laserclinic.ee\/protseduurid\/ematrix-sublative\/\">Sublative\u2122<\/a> toimenpiteisiin.<\/p>\n<p>ELOS\u2122 fotonuorennusta edelt\u00e4\u00e4 laserasiantuntijan konsultaatio, selvitet\u00e4\u00e4n ihotyyppi, testataan ihon reaktiota energiaimpulssiin ja selvitet\u00e4\u00e4n mahdolliset <a href=\"http:\/\/laserclinic.ee\/protseduurid\/elos-noorendus\/#1445174441074-2-059f4-7da5\">vasta-aiheet<\/a> toimenpiteelle.<\/p>\n<hr \/>\n<p>ELOS\u2122 fotonuorennustoimenpide on ensimm\u00e4inen ja ainoa toimenpide maailmassa, joka perustuu <strong>samanaikaisesti <\/strong>niin kaksisuuntaisen radiotaajuuden kuin my\u00f6s optisen energian k\u00e4ytt\u00f6\u00f6n, se on yksi parhaista ihokudosten uudistajista.[\/vc_column_text][vc_single_image image=&#8221;772&#8243; img_size=&#8221;large&#8221;][vc_column_text]Ihon nuorennustoimenpide suoritetaan <a href=\"http:\/\/laserclinic.ee\/elos-tehnoloogia\/\">ELOS\u2122 teknologian<\/a> avulla, jossa on yhdistelty sykkiv\u00e4n valon infrapuna-alueen energia ja kaksisuuntainen radiotaajuusenergia. Niin optinen kuin my\u00f6s radiotaajuusenergia johdetaan ihokudoksiin yhdistelm\u00e4impulssina, mik\u00e4 varmistaa tehokkaan tuloksen ja toimenpiteen turvallisuuden.<\/p>\n<p><strong>Yleisimm\u00e4t ongelmat<\/strong><\/p>\n<p><a href=\"http:\/\/laserclinic.ee\/sumptomid\/\">Melasma<\/a> (pigmenttil\u00e4isk\u00e4t) syntyy 90 %:lla tapauksista 20\u201340-vuotiailla naisilla ja vain 10 %:lla miehist\u00e4. Useammin pigmenttil\u00e4iski\u00e4 syntyy 50\u201370 %:lla naisista raskauden aikana ja 5\u201334 %:lla naisista ehk\u00e4isytablettien k\u00e4yt\u00f6n aikana.<\/p>\n<p><a href=\"http:\/\/laserclinic.ee\/protseduurid\/elos-kapillaarilaienditele\/\">Ruusufinni<\/a> on aikuisilla melko yleisesti esiintyv\u00e4, maailmassa siit\u00e4 k\u00e4rsii yhteens\u00e4 yli 45 miljoonaa ihmist\u00e4. Euroopassa tehtyjen tutkimusten mukaan esiintyy rosaceaa n. 10 %:lla v\u00e4est\u00f6st\u00e4. Sairaus puhkeaa yleens\u00e4 30\u201340 vuoden i\u00e4ss\u00e4 ja sairastumisen tiheys kasvaa 40\u201350-vuotiaiden keskuudessa. Useammin sairastuvat vaaleaihoiset, blondit ja sinisilm\u00e4iset naiset, mutta miehet k\u00e4rsiv\u00e4t sairauden vaikeimmista muodoista.<\/p>\n<p><iframe loading=\"lazy\" src=\"https:\/\/www.youtube.com\/embed\/ywUoNgQ5QN8\" width=\"365\" height=\"200\" frameborder=\"0\" allowfullscreen=\"allowfullscreen\"><\/iframe> <iframe loading=\"lazy\" src=\"https:\/\/www.youtube.com\/embed\/DYsypq401yc\" width=\"365\" height=\"200\" frameborder=\"0\" allowfullscreen=\"allowfullscreen\"><\/iframe> <iframe loading=\"lazy\" src=\"https:\/\/www.youtube.com\/embed\/YEQl0EyP_UA\" width=\"365\" height=\"200\" frameborder=\"0\" allowfullscreen=\"allowfullscreen\"><\/iframe>[\/vc_column_text][\/vc_tab][vc_tab title=&#8221;Ennen ja j\u00e4lkeen kuvat&#8221; tab_id=&#8221;1446396050185-2-6&#8243;][vc_column_text][\/vc_column_text][vc_empty_space][vc_single_image image=&#8221;236&#8243; img_size=&#8221;large&#8221; alignment=&#8221;center&#8221;][vc_empty_space][vc_single_image image=&#8221;238&#8243; img_size=&#8221;large&#8221; alignment=&#8221;center&#8221;][vc_empty_space][vc_single_image image=&#8221;237&#8243; img_size=&#8221;large&#8221; alignment=&#8221;center&#8221;][vc_empty_space][vc_single_image image=&#8221;240&#8243; img_size=&#8221;large&#8221; alignment=&#8221;center&#8221;][vc_empty_space][vc_single_image image=&#8221;241&#8243; img_size=&#8221;large&#8221; alignment=&#8221;center&#8221;][vc_empty_space][vc_single_image image=&#8221;235&#8243; img_size=&#8221;large&#8221; alignment=&#8221;center&#8221;][vc_empty_space][vc_single_image image=&#8221;234&#8243; img_size=&#8221;large&#8221; alignment=&#8221;center&#8221;][vc_empty_space][vc_single_image image=&#8221;242&#8243; img_size=&#8221;large&#8221; alignment=&#8221;center&#8221;][vc_empty_space][vc_single_image image=&#8221;258&#8243; img_size=&#8221;large&#8221; alignment=&#8221;center&#8221;][vc_empty_space][vc_single_image image=&#8221;233&#8243; img_size=&#8221;large&#8221; alignment=&#8221;center&#8221;][vc_empty_space][vc_single_image image=&#8221;253&#8243; img_size=&#8221;large&#8221; alignment=&#8221;center&#8221;][vc_empty_space][vc_single_image image=&#8221;252&#8243; img_size=&#8221;large&#8221; alignment=&#8221;center&#8221;][vc_empty_space][vc_single_image image=&#8221;251&#8243; img_size=&#8221;large&#8221; alignment=&#8221;center&#8221;][vc_empty_space][vc_single_image image=&#8221;239&#8243; img_size=&#8221;large&#8221; alignment=&#8221;center&#8221;][vc_empty_space][vc_single_image image=&#8221;254&#8243; img_size=&#8221;large&#8221; alignment=&#8221;center&#8221;][\/vc_tab][vc_tab title=&#8221;Tiedoksi ennen toimenpiteeseen tuloa&#8221; tab_id=&#8221;1445174441074-2-059f4-7da5&#8243;][vc_column_text]<\/p>\n<ul>\n<li>Toimenpiteeseen on suositeltavaa tulla puhtaalla iholla, olla k\u00e4ytt\u00e4m\u00e4tt\u00e4 voiteita, parfyymi\u00e4 ja meikki\u00e4.<\/li>\n<li>2 viikon aikana ennen toimenpidett\u00e4 ei saa ottaa aurinkoa, k\u00e4yd\u00e4 solariumissa eik\u00e4 k\u00e4ytt\u00e4\u00e4 itseruskettavia voiteita. Toimenpidett\u00e4 ei voida tehd\u00e4 liian ruskettuneelle iholle!<\/li>\n<li>Ennen toimenpidett\u00e4 pit\u00e4\u00e4 ehdottomasti v\u00e4ltt\u00e4\u00e4 valoherkkyytt\u00e4 aiheuttavien (roaccutan,tetrasykliini ym..) ja verta ohentavien (Marevan ym..) l\u00e4\u00e4kkeiden, kasvisuutteiden (kuisma ym.), vitamiinien (A-vitamiini ym. suurina annoksina), sek\u00e4 ravintolisien ja ruoka-aineiden k\u00e4ytt\u00f6\u00e4 tavallisesta enemm\u00e4n.<\/li>\n<li>Jos aiemmin on tehty kasvojen kemiallinen kuorinta tai jokin kirurginen toimenpide, niin ennen uutta toimenpidett\u00e4 t\u00e4ytyy siit\u00e4 olla kulunut 2 viikosta 3 kuukauteen.<\/li>\n<li>Toimenpiteit\u00e4 ei suositella raskaana oleville ja imett\u00e4ville \u00e4ideille, porfyriaa, vaikeamuotoista diabetesta, lupusta ja epilepsiaa sairastaville.<\/li>\n<li>Toimenpidett\u00e4 ei saa tehd\u00e4 niille, joilla on tai on ollut ihosy\u00f6p\u00e4 tai jokin muu kasvain tai joilla on s\u00e4hk\u00f6inen syd\u00e4mentahdistin.<\/li>\n<li>Ennen toimenpidett\u00e4 on hyv\u00e4 neuvotella asiantuntijan kanssa.<\/li>\n<\/ul>\n<p>[\/vc_column_text][vc_empty_space][vc_single_image image=&#8221;380&#8243; img_size=&#8221;full&#8221; alignment=&#8221;right&#8221;][\/vc_tab][\/vc_tabs][\/vc_column][\/vc_row][vc_row][vc_column][\/vc_column][\/vc_row]<\/p>\n<\/div>","protected":false},"excerpt":{"rendered":"<p>[vc_row top_margin=&#8221;page_margin_top&#8221; css=&#8221;.vc_custom_1445246099959{padding-top: 20px !important;}&#8221;][vc_column width=&#8221;1\/4&#8243;][vc_widget_sidebar top_margin=&#8221;page_margin_top&#8221; sidebar_id=&#8221;protseduurid&#8221; el_class=&#8221;protseduurid&#8221;][\/vc_column][vc_column width=&#8221;3\/4&#8243;][vc_column_text] ELOS\u2122\u00a0fotonuorennus [\/vc_column_text][vc_tabs top_margin=&#8221;page_margin_top&#8221;][vc_tab title=&#8221;Toimenpiteest\u00e4&#8221; tab_id=&#8221;1445174342-1-1859f4-7da5&#8243;][vc_empty_space][vc_single_image image=&#8221;378&#8243; img_size=&#8221;full&#8221;][vc_empty_space][vc_column_text] ELOS\u2122\u00a0fotonuorennus [\/vc_column_text][vc_column_text]Toimenpiteen voi tehd\u00e4 mihin tahansa kehonalueeseen. Hoitaa UVB ja UVA s\u00e4teiden vahingoittamaa ihoa! Poistaa pigmenttil\u00e4iski\u00e4: pisamat, aurinkol\u00e4isk\u00e4t, maksal\u00e4isk\u00e4t, melasman, hyperpigmentaation Parantaa hiussuonilaajentumien (ruusufinni, couperosa, erilaiset suonikasvaimet) ulkon\u00e4k\u00f6\u00e4. Hidastaa ihon ik\u00e4\u00e4ntymisen my\u00f6t\u00e4 tapahtuvia muutoksia, silottaa pieni\u00e4 ryppyj\u00e4, supistaa<\/p>\n","protected":false},"author":1,"featured_media":0,"parent":1106,"menu_order":0,"comment_status":"closed","ping_status":"closed","template":"template-default-without-breadcrumbs.php","meta":{"_monsterinsights_skip_tracking":false,"_monsterinsights_sitenote_active":false,"_monsterinsights_sitenote_note":"","_monsterinsights_sitenote_category":0,"footnotes":""},"class_list":["post-1080","page","type-page","status-publish","hentry"],"_links":{"self":[{"href":"https:\/\/www.laserclinic.ee\/fi\/wp-json\/wp\/v2\/pages\/1080","targetHints":{"allow":["GET"]}}],"collection":[{"href":"https:\/\/www.laserclinic.ee\/fi\/wp-json\/wp\/v2\/pages"}],"about":[{"href":"https:\/\/www.laserclinic.ee\/fi\/wp-json\/wp\/v2\/types\/page"}],"author":[{"embeddable":true,"href":"https:\/\/www.laserclinic.ee\/fi\/wp-json\/wp\/v2\/users\/1"}],"replies":[{"embeddable":true,"href":"https:\/\/www.laserclinic.ee\/fi\/wp-json\/wp\/v2\/comments?post=1080"}],"version-history":[{"count":3,"href":"https:\/\/www.laserclinic.ee\/fi\/wp-json\/wp\/v2\/pages\/1080\/revisions"}],"predecessor-version":[{"id":1213,"href":"https:\/\/www.laserclinic.ee\/fi\/wp-json\/wp\/v2\/pages\/1080\/revisions\/1213"}],"up":[{"embeddable":true,"href":"https:\/\/www.laserclinic.ee\/fi\/wp-json\/wp\/v2\/pages\/1106"}],"wp:attachment":[{"href":"https:\/\/www.laserclinic.ee\/fi\/wp-json\/wp\/v2\/media?parent=1080"}],"curies":[{"name":"wp","href":"https:\/\/api.w.org\/{rel}","templated":true}]}}