{"id":1070,"date":"2015-10-18T11:14:43","date_gmt":"2015-10-18T11:14:43","guid":{"rendered":"http:\/\/laserclinic.ee\/fi\/elos-epilatsioon\/"},"modified":"2016-02-24T13:15:47","modified_gmt":"2016-02-24T13:15:47","slug":"elos-epilaatio","status":"publish","type":"page","link":"https:\/\/www.laserclinic.ee\/fi\/toimenpiteet\/elos-epilaatio\/","title":{"rendered":"ELOS\u2122 epilaatio"},"content":{"rendered":"<div class=\"wpb-content-wrapper\"><p>[vc_row top_margin=&#8221;page_margin_top&#8221; css=&#8221;.vc_custom_1445246099959{padding-top: 20px !important;}&#8221;][vc_column width=&#8221;1\/4&#8243;][vc_widget_sidebar top_margin=&#8221;page_margin_top&#8221; sidebar_id=&#8221;protseduurid-fi&#8221; el_class=&#8221;protseduurid&#8221;][\/vc_column][vc_column width=&#8221;3\/4&#8243;][vc_column_text]<\/p>\n<h1>ELOS\u2122 laser- ja fotoepilaatio<\/h1>\n<p>[\/vc_column_text][vc_tabs top_margin=&#8221;page_margin_top&#8221;][vc_tab title=&#8221;Toimenpiteest\u00e4&#8221; tab_id=&#8221;1445174342-1-18&#8243;][vc_empty_space][vc_single_image image=&#8221;277&#8243; img_size=&#8221;full&#8221;][vc_empty_space][vc_column_text]<\/p>\n<h2>ELOS\u2122 laser- ja fotoepilaatio<\/h2>\n<p>[\/vc_column_text]<h3 class=\"sentence template-quote-2\">Mahdollisuus saavuttaa paras mahdollinen tulos!<\/h3>[vc_column_text]Toimenpide valitaan riippuen kunkin asiakkaan tarpeista ja k\u00e4sitelt\u00e4v\u00e4st\u00e4 kehonalueesta, jotta saadaan aikaan paras mahdollinen lopputulos!<\/p>\n<p>Toimenpiteet voidaan tehd\u00e4 mihin tahansa kehon alueeseen ja ne sopivat kaikille ihotyypeille, mm. my\u00f6s tummalle iholle.<\/p>\n<p>Toimenpide mahdollistaa:<\/p>\n<ul>\n<li>v\u00e4hent\u00e4\u00e4 karvankasvua ja pys\u00e4ytt\u00e4\u00e4 se kokonaan<\/li>\n<li>poistaa my\u00f6s vaaleammat karvat<\/li>\n<li>ratkaista ongelmat <a href=\"http:\/\/laserclinic.ee\/sumptomid\/\">sis\u00e4\u00e4nkasvaneiden karvojen<\/a> kanssa<\/li>\n<li>est\u00e4\u00e4 <a href=\"http:\/\/laserclinic.ee\/sumptomid\/\">iho\u00e4rsytyksen<\/a> syntymist\u00e4 karvanajon j\u00e4lkeen<\/li>\n<\/ul>\n<p>Ensimm\u00e4iset tulokset n\u00e4kyv\u00e4t noin 14 p\u00e4iv\u00e4n kuluttua toimenpiteest\u00e4, kun karvat l\u00e4htev\u00e4t!<\/p>\n<p>Toimenpiteen kesto on alueesta riippuen 15 min \u2013 3 h.<\/p>\n<p>Parhaan lopputuloksen saavuttamiseksi on suositeltavaa tehd\u00e4 1\u20138 toimenpidett\u00e4 4-8 viikon v\u00e4lein. Jotta tulos pysyy, suosittelemme toistamaan toimenpidett\u00e4 tarpeen mukaan.<\/p>\n<p>ELOS\u2122 laser- ja fotoepilaatiota edelt\u00e4\u00e4 laserasiantuntijan konsultaatio, selvitet\u00e4\u00e4n ihotyyppi, testataan ihon reaktiota energiaimpulssiin ja selvitet\u00e4\u00e4n my\u00f6s mahdolliset <a href=\"http:\/\/laserclinic.ee\/protseduurid\/elos-epilatsioon\/#1445174441074-2-0\">vasta-aiheet<\/a> toimenpiteelle.<\/p>\n<hr \/>\n<p>Kehonalueen ja ihotyypin mukaan valitaan sopivin toimenpide, joka varmistaa paremman tuloksen. Teknisesti toimenpiteiden tavoitteet ovat samat: kohottaa l\u00e4mp\u00f6tila karvatupessa niin korkeaksi, ett\u00e4 karva tuhoutuu. Toimenpiteiden tuloksena karvankasvu heikkenee ja lopulta pys\u00e4htyy kokonaan.<\/p>\n<p>Toistuvia karvanpoistotoimenpiteit\u00e4 tarvitaan, jotta kaikki karvat saadaan k\u00e4sitellyiksi niiden aktiivisessa kasvuvaiheessa. Vain t\u00e4ss\u00e4 vaiheessa l\u00e4mp\u00f6 pystyy tuhoamaan karvasipulit. Mutta karvojen kasvuvaiheet poikkeavat toisistaan ja my\u00f6s kasvusyklit ovat alueittain erilaiset. Esimerkiksi, sill\u00e4 aikaa kun 65 % kasvokarvoista on anageenivaiheessa, on anageenivaiheessa jalkakarvoista vain 20 %. Karvojen kasvusyklit poikkeavat toisistaan my\u00f6s yksil\u00f6itt\u00e4in \u2013 riippuen sukupuolesta, i\u00e4st\u00e4, etnisest\u00e4 alkuper\u00e4st\u00e4, hormonaalisesta tilasta jne.[\/vc_column_text][vc_single_image image=&#8221;695&#8243; img_size=&#8221;large&#8221;][vc_empty_space][vc_column_text]<\/p>\n<h2>Karvojen poisto ELOS\u2122 teknologian avulla<\/h2>\n<p><a href=\"http:\/\/laserclinic.ee\/elos-tehnoloogia\/\">ELOS\u2122 teknologia<\/a> k\u00e4ytt\u00e4\u00e4 karvojen poistoon<strong> kahta erilaista energial\u00e4hdett\u00e4<\/strong> \u2013 valoa (IPL tai laser) ja kaksisuuntaista radiotaajuutta, joiden yhteisvaikutuksen ansiosta t\u00e4m\u00e4 menetelm\u00e4 on tehokkaampi kuin tavanomainen laserepilaatio tai fotoepilaatio, jotka pohjautuvat vain fototermolyysiin.<\/p>\n<p>ELOS\u2122 fotoepilaatioon valitaan sykkiv\u00e4n valon suodatetut <strong>aallonpituudet 680\u2013980 nm<\/strong> ja ELOS\u2122 laserepilaatioon<strong> 810 nm<\/strong>, jotka varmistavat valon valikoivan absorboinnin karvasipulissa. Tuloksena on kohteen (karvasipulin) l\u00e4mpeneminen korkeampaan l\u00e4mp\u00f6tilaan kuin ymp\u00e4r\u00f6iv\u00e4t kudokset. Ihon bios\u00e4hk\u00f6iset ominaisuudet mahdollistavat radioaaltojen p\u00e4\u00e4syn dermiksen l\u00e4pi. Radioaallot, kuten my\u00f6s kaikki muut s\u00e4hk\u00f6aallot, kulkevat parhaiten s\u00e4hk\u00f6\u00e4 johtavaa kanavaa pitkin, joka kyseisess\u00e4 tapauksessa on valolla esil\u00e4mmitetty karvasipuli. N\u00e4in ollen radioaaltojen energia kohdistuu suositeltavasti jo esil\u00e4mmitettyyn alueeseen ja kohottaa siell\u00e4 l\u00e4mp\u00f6tilan termolyysiin tarvittavaan asteeseen. Termolyysi saa aikaan biologisen vaikutuksen \u2013 karvasipulit tuhoutuvat. Koska valo on vain yksi osa ELOS\u2122 teknologiaa, on mahdollista k\u00e4ytt\u00e4\u00e4 valoenergiaa tasolla, jossa se on t\u00e4ysin vaaratonta\u00a0kaikille ihotyypeille. Samalla epidermist\u00e4 viilent\u00e4\u00e4 kylm\u00e4 p\u00e4\u00e4tysuutin, joka parantaa t\u00e4ten ihon vastustuskyky\u00e4. Sen tuloksena radioaallon absorbointi epidermiksess\u00e4 v\u00e4henee, mik\u00e4 puolestaan parantaa toimenpiteen turvallisuutta ja varmistaa l\u00e4mm\u00f6n tehokkaamman absorboinnin esil\u00e4mmitetyll\u00e4 alueella.<\/p>\n<p>[\/vc_column_text][vc_single_image image=&#8221;697&#8243; img_size=&#8221;large&#8221;][vc_column_text][\/vc_column_text][vc_column_text]ELOS\u2122 teknologia k\u00e4ytt\u00e4\u00e4 karvasipulin tuhoamiseen kahta eri l\u00e4mp\u00f6energia l\u00e4hdett\u00e4 \u2013 kombineerides valon energiaa (punaiset nuolet) ja radioaallon (siniset nuolet) energiaa.<br \/>\n<strong>Vertailkaamme<\/strong>! Tavalliseen fototermolyysiin perustuvan laserepilaation ja fotoepilaation <strong>miinuksena <\/strong>on, ett\u00e4 karvassa pit\u00e4\u00e4 olla riitt\u00e4v\u00e4sti <strong>melaniinia<\/strong>. Termolyysiin tarvittavan l\u00e4mp\u00f6tilan saavuttamiseksi pit\u00e4\u00e4 riitt\u00e4v\u00e4 m\u00e4\u00e4r\u00e4 valoenergiaa absorboitua karvassa olevaan melaniiniin, tuottaakseen l\u00e4mp\u00f6\u00e4 karvasipulissa. L\u00e4mp\u00f6energia tuhoaa karvasipulin. Jos<strong> karvassa on melaniinia liian v\u00e4h\u00e4n<\/strong>, ei ole my\u00f6s mahdollinen termolyysin tapahtumiseen riitt\u00e4v\u00e4n m\u00e4\u00e4r\u00e4n valoenergian absorbointi. Fototermolyysiin perustuvan laser- ja fotoepilaation <strong>toisena miinuksena<\/strong> on ihovaurioiden vaara. Tummaihoisilla on ep\u00e4miellytt\u00e4vien sivuvaikutusten (kuten polttama, rakkulat, arpeutuminen ja hyperpigmentaatio) vaara. T\u00e4m\u00e4 johtuu siit\u00e4, ett\u00e4 liian paljon valoenergiaa absorboi ihon melaniiniin, ei karvaan.[\/vc_column_text][\/vc_tab][vc_tab title=&#8221;Ennen ja j\u00e4lkeen -kuvat&#8221; tab_id=&#8221;1447250718527-2-9&#8243;][vc_column_text][\/vc_column_text][vc_empty_space][vc_single_image image=&#8221;228&#8243; img_size=&#8221;large&#8221; alignment=&#8221;center&#8221;][vc_empty_space][vc_single_image image=&#8221;227&#8243; img_size=&#8221;large&#8221; alignment=&#8221;center&#8221;][\/vc_tab][vc_tab title=&#8221;Tiedoksi ennen toimenpiteeseen tuloa&#8221; tab_id=&#8221;1445174441074-2-0&#8243;][vc_column_text]<\/p>\n<ul>\n<li>ELOS\u2122 epilaatioon on suositeltavaa tulla puhtaalla iholla, olla k\u00e4ytt\u00e4m\u00e4tt\u00e4 voiteita, parfyymi\u00e4 ja meikki\u00e4.<\/li>\n<li>Jos iho on kuiva, suosittelemme p\u00e4iv\u00e4 ennen toimenpidett\u00e4 voidella iho kunnolla.<\/li>\n<li>1-3 p\u00e4iv\u00e4\u00e4 ennen toimenpidett\u00e4 pit\u00e4\u00e4 partater\u00e4ll\u00e4 ajaa karvat k\u00e4sitelt\u00e4v\u00e4lt\u00e4 alueelta. Toimenpiteen p\u00e4iv\u00e4ll\u00e4 on karvojen suositeltava pituus 1-2 mm.<\/li>\n<li>2 viikon aikana ennen toimenpidett\u00e4 ei saa ottaa aurinkoa, k\u00e4yd\u00e4 solariumissa eik\u00e4 k\u00e4ytt\u00e4\u00e4 itseruskettavia voiteita. Toimenpidett\u00e4 ei voida tehd\u00e4 liian ruskettuneelle iholle!<\/li>\n<li>Jos karvoja on poistettu vahalla tai epilaattorilla, on suositeltavaa odottaa 4 viikkoa ennen uusia toimenpiteit\u00e4 (jotta on varmistettu uuden karvasipulin olemassaolo).<\/li>\n<li>Ennen toimenpidett\u00e4 pit\u00e4\u00e4 ehdottomasti v\u00e4ltt\u00e4\u00e4 valoherkkyytt\u00e4 aiheuttavien (roaccutan, tetrasykliini ym..) ja verta ohentavien (Marevan ym..) l\u00e4\u00e4kkeiden, kasvisuutteiden (kuisma ym..), vitamiinien (A-vitamiini ym. suurina annoksina), sek\u00e4 ravintolisien ja ruoka-aineiden k\u00e4ytt\u00f6\u00e4 tavallisesta enemm\u00e4n.<\/li>\n<li>Toimenpiteit\u00e4 ei suositella raskaana oleville ja imett\u00e4ville \u00e4ideille, porfyriaa, vaikeamuotoista diabetesta, lupusta ja epilepsiaa sairastaville.<\/li>\n<li>Toimenpidett\u00e4 ei saa tehd\u00e4 niille, joilla on tai on ollut ihosy\u00f6p\u00e4 tai jokin muu kasvain tai joilla on s\u00e4hk\u00f6inen syd\u00e4mentahdistin.<\/li>\n<\/ul>\n<p>[\/vc_column_text][vc_empty_space][vc_single_image image=&#8221;384&#8243; img_size=&#8221;full&#8221; alignment=&#8221;right&#8221;][\/vc_tab][\/vc_tabs][\/vc_column][\/vc_row][vc_row][vc_column][\/vc_column][\/vc_row]<\/p>\n<\/div>","protected":false},"excerpt":{"rendered":"<p>[vc_row top_margin=&#8221;page_margin_top&#8221; css=&#8221;.vc_custom_1445246099959{padding-top: 20px !important;}&#8221;][vc_column width=&#8221;1\/4&#8243;][vc_widget_sidebar top_margin=&#8221;page_margin_top&#8221; sidebar_id=&#8221;protseduurid-fi&#8221; el_class=&#8221;protseduurid&#8221;][\/vc_column][vc_column width=&#8221;3\/4&#8243;][vc_column_text] ELOS\u2122 laser- ja fotoepilaatio [\/vc_column_text][vc_tabs top_margin=&#8221;page_margin_top&#8221;][vc_tab title=&#8221;Toimenpiteest\u00e4&#8221; tab_id=&#8221;1445174342-1-18&#8243;][vc_empty_space][vc_single_image image=&#8221;277&#8243; img_size=&#8221;full&#8221;][vc_empty_space][vc_column_text] ELOS\u2122 laser- ja fotoepilaatio [\/vc_column_text][vc_column_text]Toimenpide valitaan riippuen kunkin asiakkaan tarpeista ja k\u00e4sitelt\u00e4v\u00e4st\u00e4 kehonalueesta, jotta saadaan aikaan paras mahdollinen lopputulos! Toimenpiteet voidaan tehd\u00e4 mihin tahansa kehon alueeseen ja ne sopivat kaikille ihotyypeille, mm. my\u00f6s tummalle iholle.<\/p>\n","protected":false},"author":1,"featured_media":0,"parent":1106,"menu_order":0,"comment_status":"closed","ping_status":"closed","template":"template-default-without-breadcrumbs.php","meta":{"_monsterinsights_skip_tracking":false,"_monsterinsights_sitenote_active":false,"_monsterinsights_sitenote_note":"","_monsterinsights_sitenote_category":0,"footnotes":""},"class_list":["post-1070","page","type-page","status-publish","hentry"],"_links":{"self":[{"href":"https:\/\/www.laserclinic.ee\/fi\/wp-json\/wp\/v2\/pages\/1070","targetHints":{"allow":["GET"]}}],"collection":[{"href":"https:\/\/www.laserclinic.ee\/fi\/wp-json\/wp\/v2\/pages"}],"about":[{"href":"https:\/\/www.laserclinic.ee\/fi\/wp-json\/wp\/v2\/types\/page"}],"author":[{"embeddable":true,"href":"https:\/\/www.laserclinic.ee\/fi\/wp-json\/wp\/v2\/users\/1"}],"replies":[{"embeddable":true,"href":"https:\/\/www.laserclinic.ee\/fi\/wp-json\/wp\/v2\/comments?post=1070"}],"version-history":[{"count":4,"href":"https:\/\/www.laserclinic.ee\/fi\/wp-json\/wp\/v2\/pages\/1070\/revisions"}],"predecessor-version":[{"id":1212,"href":"https:\/\/www.laserclinic.ee\/fi\/wp-json\/wp\/v2\/pages\/1070\/revisions\/1212"}],"up":[{"embeddable":true,"href":"https:\/\/www.laserclinic.ee\/fi\/wp-json\/wp\/v2\/pages\/1106"}],"wp:attachment":[{"href":"https:\/\/www.laserclinic.ee\/fi\/wp-json\/wp\/v2\/media?parent=1070"}],"curies":[{"name":"wp","href":"https:\/\/api.w.org\/{rel}","templated":true}]}}