{"id":1052,"date":"2015-10-06T20:08:17","date_gmt":"2015-10-06T20:08:17","guid":{"rendered":"http:\/\/laserclinic.ee\/fi\/avaleht\/"},"modified":"2017-01-21T17:08:19","modified_gmt":"2017-01-21T17:08:19","slug":"avaleht","status":"publish","type":"page","link":"https:\/\/www.laserclinic.ee\/fi\/","title":{"rendered":"Etusivu"},"content":{"rendered":"<div class=\"wpb-content-wrapper\"><p>[vc_row top_margin=&#8221;page_margin_top_section&#8221;][vc_column width=&#8221;4\/6&#8243;][vc_column_text]<\/p>\n<h2>Huipputeknologia kauneuden palveluksessa<\/h2>\n<p>Vuodesta 2008 k\u00e4yt\u00e4mme ty\u00f6ss\u00e4mme <strong>Syneron\u2122 l\u00e4\u00e4kinn\u00e4llisi\u00e4 laitteita,<\/strong> joiden teho ja\u00a0tehokkuus ovat merkitt\u00e4v\u00e4sti suuremmat verrattuna muihin kauneussalongin laitteisiin. Kaikki laitteet, joilla ty\u00f6skentelemme,\u00a0ovat alkuper\u00e4islaitteita ja perustuvat maailman uusimpaan ja innovatiivisempaan <strong>ELOS\u2122 ja Sublative\u2122 teknologiaan<\/strong>, joille on my\u00f6nnetty CE-, FDA- ja ISO-sertifikaatit.[\/vc_column_text][vc_single_image image=&#8221;902&#8243; img_size=&#8221;full&#8221; alignment=&#8221;center&#8221;][vc_column_text]Syneron\u2122 ELOS\u2122 ja Sublative\u2122 toimenpiteit\u00e4 on melko laajasti k\u00e4sitelty mediassa,\u00a0niin ohjelmissa Oprah, Dr. Phil, Dr. OZ, Rachael Ray kuin my\u00f6s esim. Keeping up with the Kardashians![\/vc_column_text][vc_single_image image=&#8221;1242&#8243; img_size=&#8221;full&#8221; onclick=&#8221;link_image&#8221;][\/vc_column][vc_column width=&#8221;2\/6&#8243;]<div class=\"announcement clearfix vertical-align-table\">\n\t\t\t\t\t<ul class=\"vertical-align\">\n\t\t\t\t\t\t<li class=\"vertical-align-cell\"><h2>Tiedote<\/h2><p>Vain <strong>Syneron Medical Ltd<\/strong> laitteet <strong>perustuvat <\/strong>maailmassa tunnettuun ja tunnustettuun <strong>ELOS\u2122 (todistuksen nro 011962396) teknologiaan<\/strong>! Muut Virossa k\u00e4ytett\u00e4v\u00e4t kiinalaiset laitteet eiv\u00e4t perustu ELOS\u2122\u00a0 teknologiaan eiv\u00e4tk\u00e4 anna taattua tulosta! Tavaramerkin haltija on kielt\u00e4nyt muita henkil\u00f6it\u00e4 k\u00e4ytt\u00e4m\u00e4st\u00e4 tavaramerkki\u00e4 samankaltaisten tuotteiden ja palveluiden merkitsemiseen.<\/p>\n<p>Estex Investment O\u00dc<br \/>\nSyneron Medical Ltd:n edustaja Virossa<\/p>\n<\/li><\/ul>\n\t\t\t<\/div>[vc_empty_space][\/vc_column][\/vc_row][vc_row css=&#8221;.vc_custom_1482693176897{background-color: rgba(130,36,227,0.3) !important;*background-color: rgb(130,36,227) !important;}&#8221;][vc_column width=&#8221;1\/3&#8243;][vc_video link=&#8221;https:\/\/www.youtube.com\/watch?v=ztMHwzxzUqw&#8221;][\/vc_column][vc_column width=&#8221;1\/3&#8243;][vc_column_text css_animation=&#8221;appear&#8221;]<\/p>\n<h2 class=\"sentence\" style=\"text-align: center;\"><em><span style=\"color: #2d55cc;\">Uusi toimenpide!<br \/>\n<\/span><\/em><\/h2>\n<h2 style=\"text-align: center;\"><em><span style=\"color: #2d55cc;\">Candela\u2122 GentleLASE\u2122<br \/>\nAleksandriit laserkarvanpoisto<\/span><\/em><\/h2>\n<h2 style=\"text-align: center;\"><\/h2>\n<p>[\/vc_column_text][\/vc_column][vc_column width=&#8221;1\/3&#8243;][vc_single_image image=&#8221;1363&#8243; img_size=&#8221;full&#8221;][\/vc_column][\/vc_row][vc_row css=&#8221;.vc_custom_1449409267700{padding-top: 20px !important;}&#8221;][vc_column width=&#8221;4\/6&#8243;][vc_empty_space][vc_column_text]<\/p>\n<h2>Lahjakortit, joissa on KAUNEUTTA ja EL\u00c4M\u00c4\u00c4<\/h2>\n<p>J\u00e4nnitt\u00e4v\u00e4 lahja hyv\u00e4lle yst\u00e4v\u00e4lle, sukulaiselle tai ty\u00f6toverille, olkoon sitten kyseess\u00e4 naistenp\u00e4iv\u00e4, syntym\u00e4p\u00e4iv\u00e4,\u00a0yst\u00e4v\u00e4np\u00e4iv\u00e4 tai jokin muu merkkip\u00e4iv\u00e4!<\/p>\n<p>Lahjakortin paperiin on painettu kukkien ja mausteyrttien siemeni\u00e4. Istuta lahjakortti ruukkuun tai pihaan ja katso, mitk\u00e4 kasvit l\u00e4htev\u00e4t kasvamaan!\u00a0Siemenpaperisen lahjakortin voi my\u00f6s yksinkertaisesti laittaa lautaselle it\u00e4m\u00e4\u00e4n \u2013 niin on eritt\u00e4in mukava seurata kasvien versontaa. Kosteuta siemenpaperia lautasella (ei saa p\u00e4\u00e4st\u00e4\u00e4 kuivumaan!), ja parin p\u00e4iv\u00e4n p\u00e4\u00e4st\u00e4 ilmestyv\u00e4t ensimm\u00e4iset idut. Jo kasvamaan l\u00e4hteneit\u00e4 kasveja on my\u00f6hemmin helppo\u00a0istuttaa multaan.<\/p>\n<p><strong>Lahjakortteja voi ostaa paikan p\u00e4\u00e4lt\u00e4, mutta halutessasi l\u00e4het\u00e4mme sen Sinulle postitse!<\/strong>[\/vc_column_text][\/vc_column][vc_column width=&#8221;2\/6&#8243;][vc_empty_space]<div class=\"gallery-box small-slider hover-icons-off\"><ul class=\"image-carousel small-slider id-small-slider autoplay-1 pause_on_hover-0 scroll-1 effect-scroll easing-easeInOutQuint duration-750\"><li><img loading=\"lazy\" decoding=\"async\" width=\"320\" height=\"268\" src=\"https:\/\/www.laserclinic.ee\/wp-content\/uploads\/2015\/10\/sait-FullSizeRender4.jpg\" class=\"attachment-medicenter-gallery-image size-medicenter-gallery-image\" alt=\"\" srcset=\"https:\/\/www.laserclinic.ee\/wp-content\/uploads\/2015\/10\/sait-FullSizeRender4.jpg 320w, https:\/\/www.laserclinic.ee\/wp-content\/uploads\/2015\/10\/sait-FullSizeRender4-300x251.jpg 300w\" sizes=\"auto, (max-width: 320px) 100vw, 320px\" \/><ul class=\"controls\">\n\t\t\t\t<li>\n\t\t\t\t\t<a href=\"http:\/\/laserclinic.ee\/wp-content\/uploads\/2015\/10\/sait-FullSizeRender4.jpg\" class=\"template-plus-2 fancybox open-lightbox\" rel=\"small_slider[small-slider]\"><\/a>\n\t\t\t\t<\/li>\n\t\t\t<\/ul>\n\t\t<\/li><li><img loading=\"lazy\" decoding=\"async\" width=\"320\" height=\"268\" src=\"https:\/\/www.laserclinic.ee\/wp-content\/uploads\/2015\/10\/opti-Seemnepaber-I.-toode.646.jpg\" class=\"attachment-medicenter-gallery-image size-medicenter-gallery-image\" alt=\"\" srcset=\"https:\/\/www.laserclinic.ee\/wp-content\/uploads\/2015\/10\/opti-Seemnepaber-I.-toode.646.jpg 320w, https:\/\/www.laserclinic.ee\/wp-content\/uploads\/2015\/10\/opti-Seemnepaber-I.-toode.646-300x251.jpg 300w\" sizes=\"auto, (max-width: 320px) 100vw, 320px\" \/><ul class=\"controls\">\n\t\t\t\t<li>\n\t\t\t\t\t<a href=\"http:\/\/laserclinic.ee\/wp-content\/uploads\/2015\/10\/opti-Seemnepaber-I.-toode.646.jpg\" class=\"template-plus-2 fancybox open-lightbox\" rel=\"small_slider[small-slider]\"><\/a>\n\t\t\t\t<\/li>\n\t\t\t<\/ul>\n\t\t<\/li><\/ul><\/div>[\/vc_column][\/vc_row][vc_row][vc_column]<div class=\"clearfix scrolling-controls\">\n\t\t\t<div class=\"header-left\"><\/div>\n\t\t\t<div class=\"header-right\"><a href=\"#\" id=\"carousel_prev\" class=\"scrolling-list-control-left template-arrow-horizontal-3\"><\/a><a href=\"#\" id=\"carousel_next\" class=\"scrolling-list-control-right template-arrow-horizontal-3\"><\/a><\/div><\/div>\n\t\t\t<ul class=\"mc-gallery horizontal-carousel carousel id-carousel autoplay-0 pause_on_hover-1 scroll-1 effect-scroll easing-swing duration-500\"><li class=\"gallery-box\"><img loading=\"lazy\" decoding=\"async\" width=\"225\" height=\"150\" src=\"https:\/\/www.laserclinic.ee\/wp-content\/uploads\/2015\/10\/gjhjhjh-225x150.png\" class=\"attachment-medicenter-gallery-thumb-type-2 size-medicenter-gallery-thumb-type-2\" alt=\"\" \/><ul class=\"controls\">\n\t\t\t\t<li>\n\t\t\t\t\t<a href=\"http:\/\/laserclinic.ee\/wp-content\/uploads\/2015\/10\/gjhjhjh.png\" class=\"template-plus-2 fancybox open-lightbox\" rel=\"carousel[carousel]\"><\/a>\n\t\t\t\t<\/li>\n\t\t\t<\/ul>\n\t\t<\/li><li class=\"gallery-box\"><img loading=\"lazy\" decoding=\"async\" width=\"225\" height=\"150\" src=\"https:\/\/www.laserclinic.ee\/wp-content\/uploads\/2015\/10\/kdjgsj-225x150.png\" class=\"attachment-medicenter-gallery-thumb-type-2 size-medicenter-gallery-thumb-type-2\" alt=\"\" \/><ul class=\"controls\">\n\t\t\t\t<li>\n\t\t\t\t\t<a href=\"http:\/\/laserclinic.ee\/wp-content\/uploads\/2015\/10\/kdjgsj.png\" class=\"template-plus-2 fancybox open-lightbox\" rel=\"carousel[carousel]\"><\/a>\n\t\t\t\t<\/li>\n\t\t\t<\/ul>\n\t\t<\/li><li class=\"gallery-box\"><img loading=\"lazy\" decoding=\"async\" width=\"225\" height=\"150\" src=\"https:\/\/www.laserclinic.ee\/wp-content\/uploads\/2015\/10\/slaider-3-225x150.jpg\" class=\"attachment-medicenter-gallery-thumb-type-2 size-medicenter-gallery-thumb-type-2\" alt=\"\" \/><ul class=\"controls\">\n\t\t\t\t<li>\n\t\t\t\t\t<a href=\"http:\/\/laserclinic.ee\/wp-content\/uploads\/2015\/10\/slaider-3.jpg\" class=\"template-plus-2 fancybox open-lightbox\" rel=\"carousel[carousel]\"><\/a>\n\t\t\t\t<\/li>\n\t\t\t<\/ul>\n\t\t<\/li><li class=\"gallery-box\"><img loading=\"lazy\" decoding=\"async\" width=\"225\" height=\"150\" src=\"https:\/\/www.laserclinic.ee\/wp-content\/uploads\/2015\/10\/rejuveneyes-225x150.png\" class=\"attachment-medicenter-gallery-thumb-type-2 size-medicenter-gallery-thumb-type-2\" alt=\"\" \/><ul class=\"controls\">\n\t\t\t\t<li>\n\t\t\t\t\t<a href=\"http:\/\/laserclinic.ee\/wp-content\/uploads\/2015\/10\/rejuveneyes.png\" class=\"template-plus-2 fancybox open-lightbox\" rel=\"carousel[carousel]\"><\/a>\n\t\t\t\t<\/li>\n\t\t\t<\/ul>\n\t\t<\/li><li class=\"gallery-box\"><img loading=\"lazy\" decoding=\"async\" width=\"225\" height=\"150\" src=\"https:\/\/www.laserclinic.ee\/wp-content\/uploads\/2016\/01\/dghflskdhg-225x150.png\" class=\"attachment-medicenter-gallery-thumb-type-2 size-medicenter-gallery-thumb-type-2\" alt=\"\" \/><ul class=\"controls\">\n\t\t\t\t<li>\n\t\t\t\t\t<a href=\"http:\/\/laserclinic.ee\/wp-content\/uploads\/2016\/01\/dghflskdhg.png\" class=\"template-plus-2 fancybox open-lightbox\" rel=\"carousel[carousel]\"><\/a>\n\t\t\t\t<\/li>\n\t\t\t<\/ul>\n\t\t<\/li><li class=\"gallery-box\"><img loading=\"lazy\" decoding=\"async\" width=\"225\" height=\"150\" src=\"https:\/\/www.laserclinic.ee\/wp-content\/uploads\/2016\/01\/dfghjghjk-225x150.png\" class=\"attachment-medicenter-gallery-thumb-type-2 size-medicenter-gallery-thumb-type-2\" alt=\"\" \/><ul class=\"controls\">\n\t\t\t\t<li>\n\t\t\t\t\t<a href=\"http:\/\/laserclinic.ee\/wp-content\/uploads\/2016\/01\/dfghjghjk.png\" class=\"template-plus-2 fancybox open-lightbox\" rel=\"carousel[carousel]\"><\/a>\n\t\t\t\t<\/li>\n\t\t\t<\/ul>\n\t\t<\/li><li class=\"gallery-box\"><img loading=\"lazy\" decoding=\"async\" width=\"225\" height=\"150\" src=\"https:\/\/www.laserclinic.ee\/wp-content\/uploads\/2016\/01\/candela-syneron-laser-bruxelles2-225x150.jpg\" class=\"attachment-medicenter-gallery-thumb-type-2 size-medicenter-gallery-thumb-type-2\" alt=\"\" \/><ul class=\"controls\">\n\t\t\t\t<li>\n\t\t\t\t\t<a href=\"http:\/\/laserclinic.ee\/wp-content\/uploads\/2016\/01\/candela-syneron-laser-bruxelles2.jpg\" class=\"template-plus-2 fancybox open-lightbox\" rel=\"carousel[carousel]\"><\/a>\n\t\t\t\t<\/li>\n\t\t\t<\/ul>\n\t\t<\/li><\/ul>[\/vc_column][\/vc_row][vc_row][vc_column][vc_empty_space][\/vc_column][\/vc_row][vc_row top_margin=&#8221;page_margin_top_section&#8221;][vc_column][vc_single_image image=&#8221;1476&#8243; img_size=&#8221;full&#8221; alignment=&#8221;center&#8221;][\/vc_column][\/vc_row]<\/p>\n<\/div>","protected":false},"excerpt":{"rendered":"<p>[vc_row top_margin=&#8221;page_margin_top_section&#8221;][vc_column width=&#8221;4\/6&#8243;][vc_column_text] Huipputeknologia kauneuden palveluksessa Vuodesta 2008 k\u00e4yt\u00e4mme ty\u00f6ss\u00e4mme Syneron\u2122 l\u00e4\u00e4kinn\u00e4llisi\u00e4 laitteita, joiden teho ja\u00a0tehokkuus ovat merkitt\u00e4v\u00e4sti suuremmat verrattuna muihin kauneussalongin laitteisiin. Kaikki laitteet, joilla ty\u00f6skentelemme,\u00a0ovat alkuper\u00e4islaitteita ja perustuvat maailman uusimpaan ja innovatiivisempaan ELOS\u2122 ja Sublative\u2122 teknologiaan, joille on my\u00f6nnetty CE-, FDA- ja ISO-sertifikaatit.[\/vc_column_text][vc_single_image image=&#8221;902&#8243; img_size=&#8221;full&#8221; alignment=&#8221;center&#8221;][vc_column_text]Syneron\u2122 ELOS\u2122 ja Sublative\u2122 toimenpiteit\u00e4 on melko laajasti<\/p>\n","protected":false},"author":1,"featured_media":2297,"parent":0,"menu_order":0,"comment_status":"closed","ping_status":"closed","template":"","meta":{"_monsterinsights_skip_tracking":false,"_monsterinsights_sitenote_active":false,"_monsterinsights_sitenote_note":"","_monsterinsights_sitenote_category":0,"footnotes":""},"class_list":["post-1052","page","type-page","status-publish","has-post-thumbnail","hentry"],"_links":{"self":[{"href":"https:\/\/www.laserclinic.ee\/fi\/wp-json\/wp\/v2\/pages\/1052","targetHints":{"allow":["GET"]}}],"collection":[{"href":"https:\/\/www.laserclinic.ee\/fi\/wp-json\/wp\/v2\/pages"}],"about":[{"href":"https:\/\/www.laserclinic.ee\/fi\/wp-json\/wp\/v2\/types\/page"}],"author":[{"embeddable":true,"href":"https:\/\/www.laserclinic.ee\/fi\/wp-json\/wp\/v2\/users\/1"}],"replies":[{"embeddable":true,"href":"https:\/\/www.laserclinic.ee\/fi\/wp-json\/wp\/v2\/comments?post=1052"}],"version-history":[{"count":5,"href":"https:\/\/www.laserclinic.ee\/fi\/wp-json\/wp\/v2\/pages\/1052\/revisions"}],"predecessor-version":[{"id":1480,"href":"https:\/\/www.laserclinic.ee\/fi\/wp-json\/wp\/v2\/pages\/1052\/revisions\/1480"}],"wp:featuredmedia":[{"embeddable":true,"href":"https:\/\/www.laserclinic.ee\/fi\/wp-json\/wp\/v2\/media\/2297"}],"wp:attachment":[{"href":"https:\/\/www.laserclinic.ee\/fi\/wp-json\/wp\/v2\/media?parent=1052"}],"curies":[{"name":"wp","href":"https:\/\/api.w.org\/{rel}","templated":true}]}}